{"id":3892,"date":"2024-12-11T15:08:34","date_gmt":"2024-12-11T14:08:34","guid":{"rendered":"https:\/\/www.luiso.net\/?page_id=3892"},"modified":"2024-12-11T15:14:43","modified_gmt":"2024-12-11T14:14:43","slug":"post-sale","status":"publish","type":"page","link":"https:\/\/www.luiso.net\/en\/post-sale\/","title":{"rendered":"Pneulec"},"content":{"rendered":"\t\t<div data-elementor-type=\"wp-page\" data-elementor-id=\"3892\" class=\"elementor elementor-3892 elementor-3891\" data-elementor-post-type=\"page\">\n\t\t\t\t\t\t<section class=\"elementor-section elementor-top-section elementor-element elementor-element-949b47a elementor-section-full_width elementor-section-height-default elementor-section-height-default parallax_section_no qode_elementor_container_no\" data-id=\"949b47a\" data-element_type=\"section\" data-settings=\"{&quot;background_background&quot;:&quot;classic&quot;}\">\n\t\t\t\t\t\t\t<div class=\"elementor-background-overlay\"><\/div>\n\t\t\t\t\t\t\t<div class=\"elementor-container elementor-column-gap-default\">\n\t\t\t\t\t<div class=\"elementor-column elementor-col-100 elementor-top-column elementor-element elementor-element-81412ff\" data-id=\"81412ff\" data-element_type=\"column\">\n\t\t\t<div class=\"elementor-widget-wrap\">\n\t\t\t\t\t\t\t<\/div>\n\t\t<\/div>\n\t\t\t\t\t<\/div>\n\t\t<\/section>\n\t\t\t\t<section class=\"elementor-section elementor-top-section elementor-element elementor-element-b6b8db4 elementor-section-boxed elementor-section-height-default elementor-section-height-default parallax_section_no qode_elementor_container_no\" data-id=\"b6b8db4\" data-element_type=\"section\">\n\t\t\t\t\t\t<div class=\"elementor-container elementor-column-gap-custom\">\n\t\t\t\t\t<div class=\"elementor-column elementor-col-50 elementor-top-column elementor-element elementor-element-6ea9521\" data-id=\"6ea9521\" data-element_type=\"column\">\n\t\t\t<div class=\"elementor-widget-wrap elementor-element-populated\">\n\t\t\t\t\t\t<div class=\"elementor-element elementor-element-20b1bbf elementor-widget elementor-widget-heading\" data-id=\"20b1bbf\" data-element_type=\"widget\" data-widget_type=\"heading.default\">\n\t\t\t\t<div class=\"elementor-widget-container\">\n\t\t\t\t\t<h3 class=\"elementor-heading-title elementor-size-default\">We have a professional technical support service, with extensive experience in consulting, start-up, maintenance, spare parts management and repair of plastic processing machines and auxiliary equipment.<\/h3>\t\t\t\t<\/div>\n\t\t\t\t<\/div>\n\t\t\t\t<div class=\"elementor-element elementor-element-f056f70 elementor-widget elementor-widget-icon-box\" data-id=\"f056f70\" data-element_type=\"widget\" data-widget_type=\"icon-box.default\">\n\t\t\t\t<div class=\"elementor-widget-container\">\n\t\t\t\t\t\t\t<div class=\"elementor-icon-box-wrapper\">\n\n\t\t\t\n\t\t\t\t\t\t<div class=\"elementor-icon-box-content\">\n\n\t\t\t\t\t\t\t\t\t<h3 class=\"elementor-icon-box-title\">\n\t\t\t\t\t\t<span  >\n\t\t\t\t\t\t\tContact for more information:\t\t\t\t\t\t<\/span>\n\t\t\t\t\t<\/h3>\n\t\t\t\t\n\t\t\t\t\n\t\t\t<\/div>\n\t\t\t\n\t\t<\/div>\n\t\t\t\t\t\t<\/div>\n\t\t\t\t<\/div>\n\t\t\t\t<div class=\"elementor-element elementor-element-e488854 elementor-position-left elementor-view-default elementor-mobile-position-top elementor-vertical-align-top elementor-widget elementor-widget-icon-box\" data-id=\"e488854\" data-element_type=\"widget\" data-widget_type=\"icon-box.default\">\n\t\t\t\t<div class=\"elementor-widget-container\">\n\t\t\t\t\t\t\t<div class=\"elementor-icon-box-wrapper\">\n\n\t\t\t\t\t\t<div class=\"elementor-icon-box-icon\">\n\t\t\t\t<span  class=\"elementor-icon\">\n\t\t\t\t<i aria-hidden=\"true\" class=\"fas fa-phone\"><\/i>\t\t\t\t<\/span>\n\t\t\t<\/div>\n\t\t\t\n\t\t\t\t\t\t<div class=\"elementor-icon-box-content\">\n\n\t\t\t\t\t\t\t\t\t<h3 class=\"elementor-icon-box-title\">\n\t\t\t\t\t\t<span  >\n\t\t\t\t\t\t\t936 991 571\t\t\t\t\t\t<\/span>\n\t\t\t\t\t<\/h3>\n\t\t\t\t\n\t\t\t\t\n\t\t\t<\/div>\n\t\t\t\n\t\t<\/div>\n\t\t\t\t\t\t<\/div>\n\t\t\t\t<\/div>\n\t\t\t\t<div class=\"elementor-element elementor-element-49792ca elementor-widget elementor-widget-image\" data-id=\"49792ca\" data-element_type=\"widget\" data-widget_type=\"image.default\">\n\t\t\t\t<div class=\"elementor-widget-container\">\n\t\t\t\t\t\t\t\t\t\t\t\t\t\t\t<img decoding=\"async\" width=\"300\" height=\"76\" src=\"https:\/\/www.luiso.net\/wp-content\/uploads\/2024\/11\/Logo-PN_C_3000x761-scaled-1-300x76.jpg\" class=\"attachment-medium size-medium wp-image-3895\" alt=\"\" srcset=\"https:\/\/www.luiso.net\/wp-content\/uploads\/2024\/11\/Logo-PN_C_3000x761-scaled-1-300x76.jpg 300w, https:\/\/www.luiso.net\/wp-content\/uploads\/2024\/11\/Logo-PN_C_3000x761-scaled-1-1024x260.jpg 1024w, https:\/\/www.luiso.net\/wp-content\/uploads\/2024\/11\/Logo-PN_C_3000x761-scaled-1-768x195.jpg 768w, https:\/\/www.luiso.net\/wp-content\/uploads\/2024\/11\/Logo-PN_C_3000x761-scaled-1-1536x389.jpg 1536w, https:\/\/www.luiso.net\/wp-content\/uploads\/2024\/11\/Logo-PN_C_3000x761-scaled-1-2048x519.jpg 2048w, https:\/\/www.luiso.net\/wp-content\/uploads\/2024\/11\/Logo-PN_C_3000x761-scaled-1-700x177.jpg 700w\" sizes=\"(max-width: 300px) 100vw, 300px\" \/>\t\t\t\t\t\t\t\t\t\t\t\t\t\t\t<\/div>\n\t\t\t\t<\/div>\n\t\t\t\t\t<\/div>\n\t\t<\/div>\n\t\t\t\t<div class=\"elementor-column elementor-col-50 elementor-top-column elementor-element elementor-element-cd541c8\" data-id=\"cd541c8\" data-element_type=\"column\">\n\t\t\t<div class=\"elementor-widget-wrap elementor-element-populated\">\n\t\t\t\t\t\t<div class=\"elementor-element elementor-element-2d39580 elementor-widget elementor-widget-icon-box\" data-id=\"2d39580\" data-element_type=\"widget\" data-widget_type=\"icon-box.default\">\n\t\t\t\t<div class=\"elementor-widget-container\">\n\t\t\t\t\t\t\t<div class=\"elementor-icon-box-wrapper\">\n\n\t\t\t\n\t\t\t\t\t\t<div class=\"elementor-icon-box-content\">\n\n\t\t\t\t\t\t\t\t\t<h3 class=\"elementor-icon-box-title\">\n\t\t\t\t\t\t<span  >\n\t\t\t\t\t\t\tPersonalized technical advice\t\t\t\t\t\t<\/span>\n\t\t\t\t\t<\/h3>\n\t\t\t\t\n\t\t\t\t\t\t\t\t\t<p class=\"elementor-icon-box-description\">\n\t\t\t\t\t\tConsulting, selection and assembly. Start-up, monitoring and after-sales maintenance.\t\t\t\t\t<\/p>\n\t\t\t\t\n\t\t\t<\/div>\n\t\t\t\n\t\t<\/div>\n\t\t\t\t\t\t<\/div>\n\t\t\t\t<\/div>\n\t\t\t\t<div class=\"elementor-element elementor-element-226b3dc elementor-widget elementor-widget-icon-box\" data-id=\"226b3dc\" data-element_type=\"widget\" data-widget_type=\"icon-box.default\">\n\t\t\t\t<div class=\"elementor-widget-container\">\n\t\t\t\t\t\t\t<div class=\"elementor-icon-box-wrapper\">\n\n\t\t\t\n\t\t\t\t\t\t<div class=\"elementor-icon-box-content\">\n\n\t\t\t\t\t\t\t\t\t<h3 class=\"elementor-icon-box-title\">\n\t\t\t\t\t\t<span  >\n\t\t\t\t\t\t\tSpare parts and components\t\t\t\t\t\t<\/span>\n\t\t\t\t\t<\/h3>\n\t\t\t\t\n\t\t\t\t\t\t\t\t\t<p class=\"elementor-icon-box-description\">\n\t\t\t\t\t\tActive management of a wide selection of spare parts with manufacturer's warranty.\t\t\t\t\t<\/p>\n\t\t\t\t\n\t\t\t<\/div>\n\t\t\t\n\t\t<\/div>\n\t\t\t\t\t\t<\/div>\n\t\t\t\t<\/div>\n\t\t\t\t<div class=\"elementor-element elementor-element-7da7270 elementor-widget elementor-widget-icon-box\" data-id=\"7da7270\" data-element_type=\"widget\" data-widget_type=\"icon-box.default\">\n\t\t\t\t<div class=\"elementor-widget-container\">\n\t\t\t\t\t\t\t<div class=\"elementor-icon-box-wrapper\">\n\n\t\t\t\n\t\t\t\t\t\t<div class=\"elementor-icon-box-content\">\n\n\t\t\t\t\t\t\t\t\t<h3 class=\"elementor-icon-box-title\">\n\t\t\t\t\t\t<span  >\n\t\t\t\t\t\t\tIndividual attention\t\t\t\t\t\t<\/span>\n\t\t\t\t\t<\/h3>\n\t\t\t\t\n\t\t\t\t\t\t\t\t\t<p class=\"elementor-icon-box-description\">\n\t\t\t\t\t\tFull customer service guaranteed. National coverage.\t\t\t\t\t<\/p>\n\t\t\t\t\n\t\t\t<\/div>\n\t\t\t\n\t\t<\/div>\n\t\t\t\t\t\t<\/div>\n\t\t\t\t<\/div>\n\t\t\t\t<div class=\"elementor-element elementor-element-0a624e5 elementor-widget elementor-widget-icon-box\" data-id=\"0a624e5\" data-element_type=\"widget\" data-widget_type=\"icon-box.default\">\n\t\t\t\t<div class=\"elementor-widget-container\">\n\t\t\t\t\t\t\t<div class=\"elementor-icon-box-wrapper\">\n\n\t\t\t\n\t\t\t\t\t\t<div class=\"elementor-icon-box-content\">\n\n\t\t\t\t\t\t\t\t\t<h3 class=\"elementor-icon-box-title\">\n\t\t\t\t\t\t<span  >\n\t\t\t\t\t\t\tPersonal in-house technical service\t\t\t\t\t\t<\/span>\n\t\t\t\t\t<\/h3>\n\t\t\t\t\n\t\t\t\t\t\t\t\t\t<p class=\"elementor-icon-box-description\">\n\t\t\t\t\t\tReliable technical support. We help you to get your production up and running quickly and efficiently.\t\t\t\t\t<\/p>\n\t\t\t\t\n\t\t\t<\/div>\n\t\t\t\n\t\t<\/div>\n\t\t\t\t\t\t<\/div>\n\t\t\t\t<\/div>\n\t\t\t\t\t<\/div>\n\t\t<\/div>\n\t\t\t\t\t<\/div>\n\t\t<\/section>\n\t\t\t\t<section class=\"elementor-section elementor-top-section elementor-element elementor-element-14cfb54 elementor-section-boxed elementor-section-height-default elementor-section-height-default parallax_section_no qode_elementor_container_no\" data-id=\"14cfb54\" data-element_type=\"section\" data-settings=\"{&quot;background_background&quot;:&quot;classic&quot;}\">\n\t\t\t\t\t\t\t<div class=\"elementor-background-overlay\"><\/div>\n\t\t\t\t\t\t\t<div class=\"elementor-container elementor-column-gap-custom\">\n\t\t\t\t\t<div class=\"elementor-column elementor-col-50 elementor-top-column elementor-element elementor-element-ca2d9ea\" data-id=\"ca2d9ea\" data-element_type=\"column\">\n\t\t\t<div class=\"elementor-widget-wrap elementor-element-populated\">\n\t\t\t\t\t\t<div class=\"elementor-element elementor-element-559c9d1 elementor-widget elementor-widget-heading\" data-id=\"559c9d1\" data-element_type=\"widget\" data-widget_type=\"heading.default\">\n\t\t\t\t<div class=\"elementor-widget-container\">\n\t\t\t\t\t<p class=\"elementor-heading-title elementor-size-default\">CONTACT US<\/p>\t\t\t\t<\/div>\n\t\t\t\t<\/div>\n\t\t\t\t<div class=\"elementor-element elementor-element-b4748c5 elementor-widget elementor-widget-bridge_cf_7\" data-id=\"b4748c5\" data-element_type=\"widget\" data-widget_type=\"bridge_cf_7.default\">\n\t\t\t\t<div class=\"elementor-widget-container\">\n\t\t\t\t\t    <div class=\"qode-contact-form-7 qode-contact-form-7-0\">\n    \n<div class=\"wpcf7 no-js\" id=\"wpcf7-f210-o1\" lang=\"en-US\" dir=\"ltr\" data-wpcf7-id=\"210\">\n<div class=\"screen-reader-response\"><p role=\"status\" aria-live=\"polite\" aria-atomic=\"true\"><\/p> <ul><\/ul><\/div>\n<form action=\"\/en\/wp-json\/wp\/v2\/pages\/3892#wpcf7-f210-o1\" method=\"post\" class=\"wpcf7-form init cf7_custom_style_2\" aria-label=\"Contact form\" novalidate=\"novalidate\" data-status=\"init\">\n<fieldset class=\"hidden-fields-container\"><input type=\"hidden\" name=\"_wpcf7\" value=\"210\" \/><input type=\"hidden\" name=\"_wpcf7_version\" value=\"6.1\" \/><input type=\"hidden\" name=\"_wpcf7_locale\" value=\"en_US\" \/><input type=\"hidden\" name=\"_wpcf7_unit_tag\" value=\"wpcf7-f210-o1\" \/><input type=\"hidden\" name=\"_wpcf7_container_post\" value=\"0\" \/><input type=\"hidden\" name=\"_wpcf7_posted_data_hash\" value=\"\" \/>\n<\/fieldset>\n<div class=\"two_columns_50_50\" style=\"overflow: hidden\">\n\t<div class=\"column1\">\n\t\t<div class=\"column_inner\">\n\t\t\t<p><span class=\"wpcf7-form-control-wrap\" data-name=\"your-name\"><input size=\"40\" maxlength=\"400\" class=\"wpcf7-form-control wpcf7-text wpcf7-validates-as-required\" aria-required=\"true\" aria-invalid=\"false\" placeholder=\"Nombre *\" value=\"\" type=\"text\" name=\"your-name\" \/><\/span>\n\t\t\t<\/p>\n\t\t<\/div>\n\t<\/div>\n\t<div class=\"column2\">\n\t\t<div class=\"column_inner\">\n\t\t\t<p><span class=\"wpcf7-form-control-wrap\" data-name=\"your-email\"><input size=\"40\" maxlength=\"400\" class=\"wpcf7-form-control wpcf7-email wpcf7-validates-as-required wpcf7-text wpcf7-validates-as-email\" aria-required=\"true\" aria-invalid=\"false\" placeholder=\"Correo electr\u00f3nico *\" value=\"\" type=\"email\" name=\"your-email\" \/><\/span>\n\t\t\t<\/p>\n\t\t<\/div>\n\t<\/div>\n<\/div>\n<div>\n\t<p><span class=\"wpcf7-form-control-wrap\" data-name=\"asunto\"><input size=\"40\" maxlength=\"400\" class=\"wpcf7-form-control wpcf7-text wpcf7-validates-as-required\" aria-required=\"true\" aria-invalid=\"false\" placeholder=\"Asunto *\" value=\"\" type=\"text\" name=\"asunto\" \/><\/span><span class=\"wpcf7-form-control-wrap\" data-name=\"mensaje\"><textarea cols=\"40\" rows=\"10\" maxlength=\"2000\" class=\"wpcf7-form-control wpcf7-textarea wpcf7-validates-as-required\" aria-required=\"true\" aria-invalid=\"false\" placeholder=\"Mensaje *\" name=\"mensaje\"><\/textarea><\/span>\n\t<\/p>\n<\/div>\n<p style=\"text-align: center;\"><span class=\"wpcf7-form-control-wrap\" data-name=\"acceptance-785\"><span class=\"wpcf7-form-control wpcf7-acceptance\"><span class=\"wpcf7-list-item\"><label><input type=\"checkbox\" name=\"acceptance-785\" value=\"1\" aria-invalid=\"false\" \/><span class=\"wpcf7-list-item-label\">He leido y acepto la <a style=\"color:white;\" href=\"\/politica-de-privacidad\" target=\"_blank\">Pol\u00edtica de Privacidad<\/a><\/span><\/label><\/span><\/span><\/span>\n<\/p>\n<div style=\"text-align: center;\">\n\t<p><input class=\"wpcf7-form-control wpcf7-submit has-spinner\" type=\"submit\" value=\"Enviar\" \/>\n\t<\/p>\n<\/div><div class=\"wpcf7-response-output\" aria-hidden=\"true\"><\/div>\n<\/form>\n<\/div>\n    <\/div>\n\t\t\t\t<\/div>\n\t\t\t\t<\/div>\n\t\t\t\t\t<\/div>\n\t\t<\/div>\n\t\t\t\t<div class=\"elementor-column elementor-col-50 elementor-top-column elementor-element elementor-element-2ad3cf9\" data-id=\"2ad3cf9\" data-element_type=\"column\">\n\t\t\t<div class=\"elementor-widget-wrap elementor-element-populated\">\n\t\t\t\t\t\t<div class=\"elementor-element elementor-element-2196fd7 contact-text elementor-widget elementor-widget-text-editor\" data-id=\"2196fd7\" data-element_type=\"widget\" data-widget_type=\"text-editor.default\">\n\t\t\t\t<div class=\"elementor-widget-container\">\n\t\t\t\t\t\t\t\t\t<p style=\"margin-bottom: 10px;\"><a href=\"tel:935883362\"><i class=\"fas fa-phone-alt\"><\/i> 93 588 33 62<\/a><\/p>\n<p style=\"margin-bottom: 10px;\"><a href=\"mailto:luiso@luiso.net\">luiso@luiso.net<\/a><\/p>\n<p><a href=\"https:\/\/maps.google.com\/maps?ll=41.480334,2.021739&amp;z=12&amp;t=m&amp;hl=ca-ES&amp;gl=US&amp;mapclient=embed&amp;cid=518175974655146118\" target=\"_blank\" rel=\"noopener\"><i class=\"fas fa-map-marked-alt\"><\/i> Pol. Ind. Cova Solera. C\/ Atenes, 17.<br \/>\nRub\u00ed, Barcelona 08191<\/a><\/p>\n\t\t\t\t\t\t\t\t<\/div>\n\t\t\t\t<\/div>\n\t\t\t\t<div class=\"elementor-element elementor-element-d4c2e7b elementor-widget elementor-widget-google_maps\" data-id=\"d4c2e7b\" data-element_type=\"widget\" data-widget_type=\"google_maps.default\">\n\t\t\t\t<div class=\"elementor-widget-container\">\n\t\t\t\t\t\t\t<div class=\"elementor-custom-embed\">\n\t\t\t<iframe loading=\"lazy\"\n\t\t\t\t\tsrc=\"https:\/\/maps.google.com\/maps?q=luiso&#038;t=m&#038;z=12&#038;output=embed&#038;iwloc=near\"\n\t\t\t\t\ttitle=\"luiso\"\n\t\t\t\t\taria-label=\"luiso\"\n\t\t\t><\/iframe>\n\t\t<\/div>\n\t\t\t\t\t\t<\/div>\n\t\t\t\t<\/div>\n\t\t\t\t\t<\/div>\n\t\t<\/div>\n\t\t\t\t\t<\/div>\n\t\t<\/section>\n\t\t\t\t<\/div>\n\t\t","protected":false},"excerpt":{"rendered":"<p>We have a professional technical support service, with extensive experience&#8230;<\/p>\n","protected":false},"author":3,"featured_media":0,"parent":0,"menu_order":0,"comment_status":"closed","ping_status":"closed","template":"full_width.php","meta":{"ngg_post_thumbnail":0,"footnotes":""},"class_list":["post-3892","page","type-page","status-publish","hentry"],"yoast_head":"<!-- This site is optimized with the Yoast SEO plugin v25.3.1 - https:\/\/yoast.com\/wordpress\/plugins\/seo\/ -->\n<title>Technical assistance with Pneulec for plastic industry equipment<\/title>\n<meta name=\"description\" content=\"We offer professional technical assistance with Pneulec. Advice, start-up, maintenance, spare parts and repair.\" \/>\n<meta name=\"robots\" content=\"index, follow, max-snippet:-1, max-image-preview:large, max-video-preview:-1\" \/>\n<link rel=\"canonical\" href=\"https:\/\/www.luiso.net\/pneulec\/\" \/>\n<meta property=\"og:locale\" content=\"en_US\" \/>\n<meta property=\"og:type\" content=\"article\" \/>\n<meta property=\"og:title\" content=\"Technical assistance with Pneulec for plastic industry equipment\" \/>\n<meta property=\"og:description\" content=\"We offer professional technical assistance with Pneulec. Advice, start-up, maintenance, spare parts and repair.\" \/>\n<meta property=\"og:url\" content=\"https:\/\/www.luiso.net\/pneulec\/\" \/>\n<meta property=\"og:site_name\" content=\"Luiso\" \/>\n<meta property=\"article:modified_time\" content=\"2024-12-11T14:14:43+00:00\" \/>\n<meta property=\"og:image\" content=\"https:\/\/www.luiso.net\/wp-content\/uploads\/2024\/11\/Logo-PN_C_3000x761-scaled-1-300x76.jpg\" \/>\n<meta name=\"twitter:card\" content=\"summary_large_image\" \/>\n<meta name=\"twitter:label1\" content=\"Est. reading time\" \/>\n\t<meta name=\"twitter:data1\" content=\"2 minutes\" \/>\n<script type=\"application\/ld+json\" class=\"yoast-schema-graph\">{\"@context\":\"https:\/\/schema.org\",\"@graph\":[{\"@type\":\"WebPage\",\"@id\":\"https:\/\/www.luiso.net\/pneulec\/\",\"url\":\"https:\/\/www.luiso.net\/pneulec\/\",\"name\":\"Technical assistance with Pneulec for plastic industry equipment\",\"isPartOf\":{\"@id\":\"https:\/\/www.luiso.net\/#website\"},\"primaryImageOfPage\":{\"@id\":\"https:\/\/www.luiso.net\/pneulec\/#primaryimage\"},\"image\":{\"@id\":\"https:\/\/www.luiso.net\/pneulec\/#primaryimage\"},\"thumbnailUrl\":\"https:\/\/www.luiso.net\/wp-content\/uploads\/2024\/11\/Logo-PN_C_3000x761-scaled-1-300x76.jpg\",\"datePublished\":\"2024-12-11T14:08:34+00:00\",\"dateModified\":\"2024-12-11T14:14:43+00:00\",\"description\":\"We offer professional technical assistance with Pneulec. Advice, start-up, maintenance, spare parts and repair.\",\"breadcrumb\":{\"@id\":\"https:\/\/www.luiso.net\/pneulec\/#breadcrumb\"},\"inLanguage\":\"en-US\",\"potentialAction\":[{\"@type\":\"ReadAction\",\"target\":[\"https:\/\/www.luiso.net\/pneulec\/\"]}]},{\"@type\":\"ImageObject\",\"inLanguage\":\"en-US\",\"@id\":\"https:\/\/www.luiso.net\/pneulec\/#primaryimage\",\"url\":\"https:\/\/www.luiso.net\/wp-content\/uploads\/2024\/11\/Logo-PN_C_3000x761-scaled-1-300x76.jpg\",\"contentUrl\":\"https:\/\/www.luiso.net\/wp-content\/uploads\/2024\/11\/Logo-PN_C_3000x761-scaled-1-300x76.jpg\"},{\"@type\":\"BreadcrumbList\",\"@id\":\"https:\/\/www.luiso.net\/pneulec\/#breadcrumb\",\"itemListElement\":[{\"@type\":\"ListItem\",\"position\":1,\"name\":\"Portada\",\"item\":\"https:\/\/www.luiso.net\/\"},{\"@type\":\"ListItem\",\"position\":2,\"name\":\"Pneulec\"}]},{\"@type\":\"WebSite\",\"@id\":\"https:\/\/www.luiso.net\/#website\",\"url\":\"https:\/\/www.luiso.net\/\",\"name\":\"Luiso\",\"description\":\"Transformaci\u00f3n Pl\u00e1stico - Ingenier\u00eda\",\"potentialAction\":[{\"@type\":\"SearchAction\",\"target\":{\"@type\":\"EntryPoint\",\"urlTemplate\":\"https:\/\/www.luiso.net\/?s={search_term_string}\"},\"query-input\":{\"@type\":\"PropertyValueSpecification\",\"valueRequired\":true,\"valueName\":\"search_term_string\"}}],\"inLanguage\":\"en-US\"}]}<\/script>\n<!-- \/ Yoast SEO plugin. -->","yoast_head_json":{"title":"Technical assistance with Pneulec for plastic industry equipment","description":"We offer professional technical assistance with Pneulec. Advice, start-up, maintenance, spare parts and repair.","robots":{"index":"index","follow":"follow","max-snippet":"max-snippet:-1","max-image-preview":"max-image-preview:large","max-video-preview":"max-video-preview:-1"},"canonical":"https:\/\/www.luiso.net\/pneulec\/","og_locale":"en_US","og_type":"article","og_title":"Technical assistance with Pneulec for plastic industry equipment","og_description":"We offer professional technical assistance with Pneulec. Advice, start-up, maintenance, spare parts and repair.","og_url":"https:\/\/www.luiso.net\/pneulec\/","og_site_name":"Luiso","article_modified_time":"2024-12-11T14:14:43+00:00","og_image":[{"url":"https:\/\/www.luiso.net\/wp-content\/uploads\/2024\/11\/Logo-PN_C_3000x761-scaled-1-300x76.jpg","type":"","width":"","height":""}],"twitter_card":"summary_large_image","twitter_misc":{"Est. reading time":"2 minutes"},"schema":{"@context":"https:\/\/schema.org","@graph":[{"@type":"WebPage","@id":"https:\/\/www.luiso.net\/pneulec\/","url":"https:\/\/www.luiso.net\/pneulec\/","name":"Technical assistance with Pneulec for plastic industry equipment","isPartOf":{"@id":"https:\/\/www.luiso.net\/#website"},"primaryImageOfPage":{"@id":"https:\/\/www.luiso.net\/pneulec\/#primaryimage"},"image":{"@id":"https:\/\/www.luiso.net\/pneulec\/#primaryimage"},"thumbnailUrl":"https:\/\/www.luiso.net\/wp-content\/uploads\/2024\/11\/Logo-PN_C_3000x761-scaled-1-300x76.jpg","datePublished":"2024-12-11T14:08:34+00:00","dateModified":"2024-12-11T14:14:43+00:00","description":"We offer professional technical assistance with Pneulec. Advice, start-up, maintenance, spare parts and repair.","breadcrumb":{"@id":"https:\/\/www.luiso.net\/pneulec\/#breadcrumb"},"inLanguage":"en-US","potentialAction":[{"@type":"ReadAction","target":["https:\/\/www.luiso.net\/pneulec\/"]}]},{"@type":"ImageObject","inLanguage":"en-US","@id":"https:\/\/www.luiso.net\/pneulec\/#primaryimage","url":"https:\/\/www.luiso.net\/wp-content\/uploads\/2024\/11\/Logo-PN_C_3000x761-scaled-1-300x76.jpg","contentUrl":"https:\/\/www.luiso.net\/wp-content\/uploads\/2024\/11\/Logo-PN_C_3000x761-scaled-1-300x76.jpg"},{"@type":"BreadcrumbList","@id":"https:\/\/www.luiso.net\/pneulec\/#breadcrumb","itemListElement":[{"@type":"ListItem","position":1,"name":"Portada","item":"https:\/\/www.luiso.net\/"},{"@type":"ListItem","position":2,"name":"Pneulec"}]},{"@type":"WebSite","@id":"https:\/\/www.luiso.net\/#website","url":"https:\/\/www.luiso.net\/","name":"Luiso","description":"Transformaci\u00f3n Pl\u00e1stico - Ingenier\u00eda","potentialAction":[{"@type":"SearchAction","target":{"@type":"EntryPoint","urlTemplate":"https:\/\/www.luiso.net\/?s={search_term_string}"},"query-input":{"@type":"PropertyValueSpecification","valueRequired":true,"valueName":"search_term_string"}}],"inLanguage":"en-US"}]}},"_links":{"self":[{"href":"https:\/\/www.luiso.net\/en\/wp-json\/wp\/v2\/pages\/3892","targetHints":{"allow":["GET"]}}],"collection":[{"href":"https:\/\/www.luiso.net\/en\/wp-json\/wp\/v2\/pages"}],"about":[{"href":"https:\/\/www.luiso.net\/en\/wp-json\/wp\/v2\/types\/page"}],"author":[{"embeddable":true,"href":"https:\/\/www.luiso.net\/en\/wp-json\/wp\/v2\/users\/3"}],"replies":[{"embeddable":true,"href":"https:\/\/www.luiso.net\/en\/wp-json\/wp\/v2\/comments?post=3892"}],"version-history":[{"count":3,"href":"https:\/\/www.luiso.net\/en\/wp-json\/wp\/v2\/pages\/3892\/revisions"}],"predecessor-version":[{"id":3985,"href":"https:\/\/www.luiso.net\/en\/wp-json\/wp\/v2\/pages\/3892\/revisions\/3985"}],"wp:attachment":[{"href":"https:\/\/www.luiso.net\/en\/wp-json\/wp\/v2\/media?parent=3892"}],"curies":[{"name":"wp","href":"https:\/\/api.w.org\/{rel}","templated":true}]}}