{"id":2972,"date":"2021-11-16T09:27:21","date_gmt":"2021-11-16T08:27:21","guid":{"rendered":"https:\/\/www.luiso.net\/?page_id=2972"},"modified":"2024-07-02T11:59:12","modified_gmt":"2024-07-02T09:59:12","slug":"automa","status":"publish","type":"page","link":"https:\/\/www.luiso.net\/en\/automa\/","title":{"rendered":"AUTOMA"},"content":{"rendered":"\t\t<div data-elementor-type=\"wp-page\" data-elementor-id=\"2972\" class=\"elementor elementor-2972 elementor-2971\" data-elementor-post-type=\"page\">\n\t\t\t\t\t\t<section class=\"elementor-section elementor-top-section elementor-element elementor-element-42577f0 elementor-section-boxed elementor-section-height-default elementor-section-height-default parallax_section_no qode_elementor_container_no\" data-id=\"42577f0\" data-element_type=\"section\">\n\t\t\t\t\t\t<div class=\"elementor-container elementor-column-gap-default\">\n\t\t\t\t\t<div class=\"elementor-column elementor-col-33 elementor-top-column elementor-element elementor-element-6c5c1e3\" data-id=\"6c5c1e3\" data-element_type=\"column\">\n\t\t\t<div class=\"elementor-widget-wrap elementor-element-populated\">\n\t\t\t\t\t\t<div class=\"elementor-element elementor-element-db17ba7 elementor-widget elementor-widget-image\" data-id=\"db17ba7\" data-element_type=\"widget\" data-widget_type=\"image.default\">\n\t\t\t\t<div class=\"elementor-widget-container\">\n\t\t\t\t\t\t\t\t\t\t\t\t\t\t\t<img fetchpriority=\"high\" decoding=\"async\" width=\"539\" height=\"264\" src=\"https:\/\/www.luiso.net\/wp-content\/uploads\/2021\/11\/AUTOMA-VETTORIALE-LUISO.jpg\" class=\"attachment-full size-full wp-image-2975\" alt=\"AUTOMA-VETTORIALE-LUISO\" srcset=\"https:\/\/www.luiso.net\/wp-content\/uploads\/2021\/11\/AUTOMA-VETTORIALE-LUISO.jpg 539w, https:\/\/www.luiso.net\/wp-content\/uploads\/2021\/11\/AUTOMA-VETTORIALE-LUISO-300x147.jpg 300w\" sizes=\"(max-width: 539px) 100vw, 539px\" \/>\t\t\t\t\t\t\t\t\t\t\t\t\t\t\t<\/div>\n\t\t\t\t<\/div>\n\t\t\t\t\t<\/div>\n\t\t<\/div>\n\t\t\t\t<div class=\"elementor-column elementor-col-66 elementor-top-column elementor-element elementor-element-bf7cfd6\" data-id=\"bf7cfd6\" data-element_type=\"column\">\n\t\t\t<div class=\"elementor-widget-wrap elementor-element-populated\">\n\t\t\t\t\t\t<div class=\"elementor-element elementor-element-0ece853 elementor-widget elementor-widget-heading\" data-id=\"0ece853\" data-element_type=\"widget\" data-widget_type=\"heading.default\">\n\t\t\t\t<div class=\"elementor-widget-container\">\n\t\t\t\t\t<h1 class=\"elementor-heading-title elementor-size-default\">AUTOMA by Magic was born from the joint will of Magic MP and other professionals in the extrusion-blow molding machine sector.<\/h1>\t\t\t\t<\/div>\n\t\t\t\t<\/div>\n\t\t\t\t\t<\/div>\n\t\t<\/div>\n\t\t\t\t\t<\/div>\n\t\t<\/section>\n\t\t\t\t<section class=\"elementor-section elementor-top-section elementor-element elementor-element-e93e9ac elementor-section-boxed elementor-section-height-default elementor-section-height-default parallax_section_no qode_elementor_container_no\" data-id=\"e93e9ac\" data-element_type=\"section\">\n\t\t\t\t\t\t<div class=\"elementor-container elementor-column-gap-default\">\n\t\t\t\t\t<div class=\"elementor-column elementor-col-66 elementor-top-column elementor-element elementor-element-08ac952\" data-id=\"08ac952\" data-element_type=\"column\">\n\t\t\t<div class=\"elementor-widget-wrap elementor-element-populated\">\n\t\t\t\t\t\t<div class=\"elementor-element elementor-element-ed5b8eb elementor-widget elementor-widget-text-editor\" data-id=\"ed5b8eb\" data-element_type=\"widget\" data-widget_type=\"text-editor.default\">\n\t\t\t\t<div class=\"elementor-widget-container\">\n\t\t\t\t\t\t\t\t\t<p>As it can be easily understood by checking out the company&#8217;s name, <strong>Automa by Magic<\/strong> arises from a joint desire of Magic MP and other professionals in the extrusion blow molding industry, which acquires, as a branch of the company, the activity developed by Claren Cutting Service, which as been active for several years, supplying spare parts and offering a wide-rang of services for the Automa and Blow-Star brands.<\/p><p>\u00a0<\/p><p>Among the novelties of Automa by Magic, there&#8217;s a new location where new machines will be manufactured with <strong>Automa&#8217;s hydraulic technology<\/strong> and also machines with highly customized solutions. By doing so, we are not only helping Automa customers, but we&#8217;re also providing additional models that are identical and interchangeable within existing ones.<\/p>\t\t\t\t\t\t\t\t<\/div>\n\t\t\t\t<\/div>\n\t\t\t\t\t<\/div>\n\t\t<\/div>\n\t\t\t\t<div class=\"elementor-column elementor-col-33 elementor-top-column elementor-element elementor-element-2d5db59\" data-id=\"2d5db59\" data-element_type=\"column\">\n\t\t\t<div class=\"elementor-widget-wrap elementor-element-populated\">\n\t\t\t\t\t\t<div class=\"elementor-element elementor-element-8a30158 elementor-widget elementor-widget-image\" data-id=\"8a30158\" data-element_type=\"widget\" data-widget_type=\"image.default\">\n\t\t\t\t<div class=\"elementor-widget-container\">\n\t\t\t\t\t\t\t\t\t\t\t\t\t\t\t\t<a href=\"https:\/\/www.luiso.net\/wp-content\/uploads\/2021\/11\/maquina-automa-luiso.jpg\" data-elementor-open-lightbox=\"yes\" data-elementor-lightbox-title=\"maquina-automa-luiso\" data-e-action-hash=\"#elementor-action%3Aaction%3Dlightbox%26settings%3DeyJpZCI6Mjk3OCwidXJsIjoiaHR0cHM6XC9cL3d3dy5sdWlzby5uZXRcL3dwLWNvbnRlbnRcL3VwbG9hZHNcLzIwMjFcLzExXC9tYXF1aW5hLWF1dG9tYS1sdWlzby5qcGcifQ%3D%3D\">\n\t\t\t\t\t\t\t<img decoding=\"async\" width=\"900\" height=\"700\" src=\"https:\/\/www.luiso.net\/wp-content\/uploads\/2021\/11\/maquina-automa-luiso.jpg\" class=\"attachment-full size-full wp-image-2978\" alt=\"maquina automa luiso\" srcset=\"https:\/\/www.luiso.net\/wp-content\/uploads\/2021\/11\/maquina-automa-luiso.jpg 900w, https:\/\/www.luiso.net\/wp-content\/uploads\/2021\/11\/maquina-automa-luiso-300x233.jpg 300w, https:\/\/www.luiso.net\/wp-content\/uploads\/2021\/11\/maquina-automa-luiso-768x597.jpg 768w, https:\/\/www.luiso.net\/wp-content\/uploads\/2021\/11\/maquina-automa-luiso-700x544.jpg 700w\" sizes=\"(max-width: 900px) 100vw, 900px\" \/>\t\t\t\t\t\t\t\t<\/a>\n\t\t\t\t\t\t\t\t\t\t\t\t\t\t\t<\/div>\n\t\t\t\t<\/div>\n\t\t\t\t\t<\/div>\n\t\t<\/div>\n\t\t\t\t\t<\/div>\n\t\t<\/section>\n\t\t\t\t<section class=\"elementor-section elementor-top-section elementor-element elementor-element-e05cb76 elementor-section-boxed elementor-section-height-default elementor-section-height-default parallax_section_no qode_elementor_container_no\" data-id=\"e05cb76\" data-element_type=\"section\">\n\t\t\t\t\t\t<div class=\"elementor-container elementor-column-gap-default\">\n\t\t\t\t\t<div class=\"elementor-column elementor-col-33 elementor-top-column elementor-element elementor-element-32027b6\" data-id=\"32027b6\" data-element_type=\"column\">\n\t\t\t<div class=\"elementor-widget-wrap elementor-element-populated\">\n\t\t\t\t\t\t<div class=\"elementor-element elementor-element-2bca613 elementor-widget elementor-widget-image\" data-id=\"2bca613\" data-element_type=\"widget\" data-widget_type=\"image.default\">\n\t\t\t\t<div class=\"elementor-widget-container\">\n\t\t\t\t\t\t\t\t\t\t\t\t\t\t\t\t<a href=\"https:\/\/www.luiso.net\/wp-content\/uploads\/2021\/11\/producto-automa-luiso.png\" data-elementor-open-lightbox=\"yes\" data-elementor-lightbox-title=\"producto-automa-luiso\" data-e-action-hash=\"#elementor-action%3Aaction%3Dlightbox%26settings%3DeyJpZCI6Mjk4MCwidXJsIjoiaHR0cHM6XC9cL3d3dy5sdWlzby5uZXRcL3dwLWNvbnRlbnRcL3VwbG9hZHNcLzIwMjFcLzExXC9wcm9kdWN0by1hdXRvbWEtbHVpc28ucG5nIn0%3D\">\n\t\t\t\t\t\t\t<img decoding=\"async\" width=\"1137\" height=\"514\" src=\"https:\/\/www.luiso.net\/wp-content\/uploads\/2021\/11\/producto-automa-luiso.png\" class=\"attachment-full size-full wp-image-2980\" alt=\"producto de soplado automa luiso\" srcset=\"https:\/\/www.luiso.net\/wp-content\/uploads\/2021\/11\/producto-automa-luiso.png 1137w, https:\/\/www.luiso.net\/wp-content\/uploads\/2021\/11\/producto-automa-luiso-300x136.png 300w, https:\/\/www.luiso.net\/wp-content\/uploads\/2021\/11\/producto-automa-luiso-1024x463.png 1024w, https:\/\/www.luiso.net\/wp-content\/uploads\/2021\/11\/producto-automa-luiso-768x347.png 768w, https:\/\/www.luiso.net\/wp-content\/uploads\/2021\/11\/producto-automa-luiso-700x316.png 700w\" sizes=\"(max-width: 1137px) 100vw, 1137px\" \/>\t\t\t\t\t\t\t\t<\/a>\n\t\t\t\t\t\t\t\t\t\t\t\t\t\t\t<\/div>\n\t\t\t\t<\/div>\n\t\t\t\t\t<\/div>\n\t\t<\/div>\n\t\t\t\t<div class=\"elementor-column elementor-col-66 elementor-top-column elementor-element elementor-element-c416afa\" data-id=\"c416afa\" data-element_type=\"column\">\n\t\t\t<div class=\"elementor-widget-wrap elementor-element-populated\">\n\t\t\t\t\t\t<div class=\"elementor-element elementor-element-42e352c elementor-widget elementor-widget-text-editor\" data-id=\"42e352c\" data-element_type=\"widget\" data-widget_type=\"text-editor.default\">\n\t\t\t\t<div class=\"elementor-widget-container\">\n\t\t\t\t\t\t\t\t\t<p>Most importantly, Automa by Magic strives to mantain a product and brand that has always satisfied many customers, as evidenced by the production of <strong>more than 2,500<\/strong> machines in more than 40 years of Automa activity.<\/p>\t\t\t\t\t\t\t\t<\/div>\n\t\t\t\t<\/div>\n\t\t\t\t\t<\/div>\n\t\t<\/div>\n\t\t\t\t\t<\/div>\n\t\t<\/section>\n\t\t\t\t<section class=\"elementor-section elementor-top-section elementor-element elementor-element-9b698b6 elementor-section-boxed elementor-section-height-default elementor-section-height-default parallax_section_no qode_elementor_container_no\" data-id=\"9b698b6\" data-element_type=\"section\">\n\t\t\t\t\t\t<div class=\"elementor-container elementor-column-gap-default\">\n\t\t\t\t\t\t<\/div>\n\t\t<\/section>\n\t\t\t\t<section class=\"elementor-section elementor-top-section elementor-element elementor-element-2d462b7 elementor-section-boxed elementor-section-height-default elementor-section-height-default parallax_section_no qode_elementor_container_no\" data-id=\"2d462b7\" data-element_type=\"section\" data-settings=\"{&quot;background_background&quot;:&quot;classic&quot;}\">\n\t\t\t\t\t\t<div class=\"elementor-container elementor-column-gap-default\">\n\t\t\t\t\t<div class=\"elementor-column elementor-col-100 elementor-top-column elementor-element elementor-element-76c8384\" data-id=\"76c8384\" data-element_type=\"column\">\n\t\t\t<div class=\"elementor-widget-wrap elementor-element-populated\">\n\t\t\t\t\t\t<div class=\"elementor-element elementor-element-9142545 elementor-widget elementor-widget-heading\" data-id=\"9142545\" data-element_type=\"widget\" data-widget_type=\"heading.default\">\n\t\t\t\t<div class=\"elementor-widget-container\">\n\t\t\t\t\t<h4 class=\"elementor-heading-title elementor-size-default\">Contact us for more information on Automa machinery.<\/h4>\t\t\t\t<\/div>\n\t\t\t\t<\/div>\n\t\t\t\t<div class=\"elementor-element elementor-element-0ed49a6 animated-fast elementor-invisible elementor-widget elementor-widget-bridge_button\" data-id=\"0ed49a6\" data-element_type=\"widget\" data-settings=\"{&quot;_animation&quot;:&quot;fadeInUp&quot;}\" data-widget_type=\"bridge_button.default\">\n\t\t\t\t<div class=\"elementor-widget-container\">\n\t\t\t\t\t<a  itemprop=\"url\" href=\"\/en\/contact\" target=\"_self\" data-hover-background-color=\"#FFFFFF\" data-hover-border-color=\"#AB2026\" data-hover-color=\"#AB2026\" class=\"qbutton  medium enlarge btn-center\" style=\"color: #FFFFFF; border-color: #AB2026; background-color:#AB2026;\">contact<span aria-hidden=\"true\" class=\"qode_icon_font_elegant icon_mail_alt qode_button_icon_element\" style=\"color: #FFFFFF\"><\/span><\/a>\t\t\t\t<\/div>\n\t\t\t\t<\/div>\n\t\t\t\t\t<\/div>\n\t\t<\/div>\n\t\t\t\t\t<\/div>\n\t\t<\/section>\n\t\t\t\t<section class=\"elementor-section elementor-top-section elementor-element elementor-element-d3a04b5 elementor-section-boxed elementor-section-height-default elementor-section-height-default parallax_section_no qode_elementor_container_no\" data-id=\"d3a04b5\" data-element_type=\"section\">\n\t\t\t\t\t\t<div class=\"elementor-container elementor-column-gap-default\">\n\t\t\t\t\t<div class=\"elementor-column elementor-col-100 elementor-top-column elementor-element elementor-element-babbc1a\" data-id=\"babbc1a\" data-element_type=\"column\">\n\t\t\t<div class=\"elementor-widget-wrap elementor-element-populated\">\n\t\t\t\t\t\t<div class=\"elementor-element elementor-element-f70bef2 elementor-widget elementor-widget-heading\" data-id=\"f70bef2\" data-element_type=\"widget\" data-widget_type=\"heading.default\">\n\t\t\t\t<div class=\"elementor-widget-container\">\n\t\t\t\t\t<h2 class=\"elementor-heading-title elementor-size-default\">AUTOMA MULTIMEDIA GALLERY<\/h2>\t\t\t\t<\/div>\n\t\t\t\t<\/div>\n\t\t\t\t\t<\/div>\n\t\t<\/div>\n\t\t\t\t\t<\/div>\n\t\t<\/section>\n\t\t\t\t<section class=\"elementor-section elementor-top-section elementor-element elementor-element-107b6be elementor-section-boxed elementor-section-height-default elementor-section-height-default parallax_section_no qode_elementor_container_no\" data-id=\"107b6be\" data-element_type=\"section\">\n\t\t\t\t\t\t<div class=\"elementor-container elementor-column-gap-default\">\n\t\t\t\t\t<div class=\"elementor-column elementor-col-100 elementor-top-column elementor-element elementor-element-920fb15\" data-id=\"920fb15\" data-element_type=\"column\">\n\t\t\t<div class=\"elementor-widget-wrap elementor-element-populated\">\n\t\t\t\t\t\t<div class=\"elementor-element elementor-element-0aea0ca tabs-producte elementor-widget elementor-widget-bridge_tabs\" data-id=\"0aea0ca\" data-element_type=\"widget\" data-widget_type=\"bridge_tabs.default\">\n\t\t\t\t<div class=\"elementor-widget-container\">\n\t\t\t\t\t<div class=\"qode-advanced-tabs qode-advanced-tabs qode-advanced-horizontal-tab clearfix qode-advanced-tab-without-icon qode-advanced-tabs-column-4 clearfix\">\n\t<ul class=\"qode-advanced-tabs-nav\">\n\t\t\t\t\t<li>\n\t\t\t\t<h6>\n\t\t\t\t\t<a href=\"#tab-products\">\n\t\t\t\t\t\t\n\t\t\t\t\t\t\t\t\t\t\t\t\t<span class=\"qode-advanced-tab-text-after-icon\">\n\t\t\t\t\t\t\t\tPRODUCTS\t\t\t\t\t\t\t<\/span>\n\t\t\t\t\t\t\t\t\t\t\t<\/a>\n\t\t\t\t<\/h6>\n\t\t\t<\/li>\n\t\t\t\t\t<li>\n\t\t\t\t<h6>\n\t\t\t\t\t<a href=\"#tab-facilities\">\n\t\t\t\t\t\t\n\t\t\t\t\t\t\t\t\t\t\t\t\t<span class=\"qode-advanced-tab-text-after-icon\">\n\t\t\t\t\t\t\t\tFACILITIES\t\t\t\t\t\t\t<\/span>\n\t\t\t\t\t\t\t\t\t\t\t<\/a>\n\t\t\t\t<\/h6>\n\t\t\t<\/li>\n\t\t\t\t\t<li>\n\t\t\t\t<h6>\n\t\t\t\t\t<a href=\"#tab-videos\">\n\t\t\t\t\t\t\n\t\t\t\t\t\t\t\t\t\t\t\t\t<span class=\"qode-advanced-tab-text-after-icon\">\n\t\t\t\t\t\t\t\tVIDEOS\t\t\t\t\t\t\t<\/span>\n\t\t\t\t\t\t\t\t\t\t\t<\/a>\n\t\t\t\t<\/h6>\n\t\t\t<\/li>\n\t\t\t\t\t<li>\n\t\t\t\t<h6>\n\t\t\t\t\t<a href=\"#tab-presentations\">\n\t\t\t\t\t\t\n\t\t\t\t\t\t\t\t\t\t\t\t\t<span class=\"qode-advanced-tab-text-after-icon\">\n\t\t\t\t\t\t\t\tPRESENTATIONS\t\t\t\t\t\t\t<\/span>\n\t\t\t\t\t\t\t\t\t\t\t<\/a>\n\t\t\t\t<\/h6>\n\t\t\t<\/li>\n\t\t\t<\/ul>\n\t<div class=\"qode-advanced-tab-container\" id=\"tab-products-699\" data-icon-pack=\"font_awesome_5\" data-icon-html=\"&lt;i class=&quot;qode_icon_font_awesome_5 fa5 fa fa-file-powerpoint &quot; &gt;&lt;\/i&gt;\"><p>ngg_shortcode_0_placeholder<\/p><\/div><div class=\"qode-advanced-tab-container\" id=\"tab-facilities-662\" data-icon-pack=\"font_awesome_5\" data-icon-html=\"&lt;i class=&quot;qode_icon_font_awesome_5 fa5 fa fa-images &quot; &gt;&lt;\/i&gt;\"><\/div><div class=\"qode-advanced-tab-container\" id=\"tab-videos-562\" data-icon-pack=\"font_awesome_5\" data-icon-html=\"&lt;i class=&quot;qode_icon_font_awesome_5 fa5 fa fa-play-circle &quot; &gt;&lt;\/i&gt;\"><\/div><div class=\"qode-advanced-tab-container\" id=\"tab-presentations-563\" data-icon-pack=\"font_awesome_5\" data-icon-html=\"&lt;i class=&quot;qode_icon_font_awesome_5 fa5 fa fa-play-circle &quot; &gt;&lt;\/i&gt;\"><\/div><\/div>\t\t\t\t<\/div>\n\t\t\t\t<\/div>\n\t\t\t\t\t<\/div>\n\t\t<\/div>\n\t\t\t\t\t<\/div>\n\t\t<\/section>\n\t\t\t\t<section class=\"elementor-section elementor-top-section elementor-element elementor-element-35d43521 elementor-section-boxed elementor-section-height-default elementor-section-height-default parallax_section_no qode_elementor_container_no\" data-id=\"35d43521\" data-element_type=\"section\" data-settings=\"{&quot;background_background&quot;:&quot;classic&quot;}\">\n\t\t\t\t\t\t\t<div class=\"elementor-background-overlay\"><\/div>\n\t\t\t\t\t\t\t<div class=\"elementor-container elementor-column-gap-custom\">\n\t\t\t\t\t<div class=\"elementor-column elementor-col-100 elementor-top-column elementor-element elementor-element-690f71eb\" data-id=\"690f71eb\" data-element_type=\"column\">\n\t\t\t<div class=\"elementor-widget-wrap elementor-element-populated\">\n\t\t\t\t\t\t<div class=\"elementor-element elementor-element-1d689a8d elementor-widget elementor-widget-heading\" data-id=\"1d689a8d\" data-element_type=\"widget\" data-widget_type=\"heading.default\">\n\t\t\t\t<div class=\"elementor-widget-container\">\n\t\t\t\t\t<h2 class=\"elementor-heading-title elementor-size-default\">CONTACT US NOW<\/h2>\t\t\t\t<\/div>\n\t\t\t\t<\/div>\n\t\t\t\t<div class=\"elementor-element elementor-element-5d298f8 contact-text elementor-widget elementor-widget-text-editor\" data-id=\"5d298f8\" data-element_type=\"widget\" data-widget_type=\"text-editor.default\">\n\t\t\t\t<div class=\"elementor-widget-container\">\n\t\t\t\t\t\t\t\t\t<p>We will be pleased to answer any queries you may have as soon as possible.<\/p>\t\t\t\t\t\t\t\t<\/div>\n\t\t\t\t<\/div>\n\t\t\t\t<div class=\"elementor-element elementor-element-24219a4 animated-fast elementor-widget elementor-widget-bridge_button\" data-id=\"24219a4\" data-element_type=\"widget\" data-settings=\"{&quot;_animation&quot;:&quot;none&quot;}\" data-widget_type=\"bridge_button.default\">\n\t\t\t\t<div class=\"elementor-widget-container\">\n\t\t\t\t\t<a  itemprop=\"url\" href=\"\/en\/contact\" target=\"_self\" data-hover-background-color=\"#FFFFFF\" data-hover-border-color=\"#AB2026\" data-hover-color=\"#AB2026\" class=\"qbutton  medium enlarge btn-center\" style=\"color: #FFFFFF; border-color: #AB2026; background-color:#AB2026;\">contact<span aria-hidden=\"true\" class=\"qode_icon_font_elegant icon_mail_alt qode_button_icon_element\" style=\"color: #FFFFFF\"><\/span><\/a>\t\t\t\t<\/div>\n\t\t\t\t<\/div>\n\t\t\t\t\t<\/div>\n\t\t<\/div>\n\t\t\t\t\t<\/div>\n\t\t<\/section>\n\t\t\t\t<\/div>\n\t\t","protected":false},"excerpt":{"rendered":"<p>AUTOMA by Magic was born from the joint will of&#8230;<\/p>\n","protected":false},"author":3,"featured_media":0,"parent":0,"menu_order":0,"comment_status":"closed","ping_status":"closed","template":"full_width.php","meta":{"ngg_post_thumbnail":0,"footnotes":""},"class_list":["post-2972","page","type-page","status-publish","hentry"],"yoast_head":"<!-- This site is optimized with the Yoast SEO plugin v25.3.1 - https:\/\/yoast.com\/wordpress\/plugins\/seo\/ -->\n<title>AUTOMA : extrusion blow molding machines - Luiso<\/title>\n<meta name=\"description\" content=\"Automa by Magic hydraulic machines come from more than four years of experience as a continuation of the original Automa brand.\" \/>\n<meta name=\"robots\" content=\"index, follow, max-snippet:-1, max-image-preview:large, max-video-preview:-1\" \/>\n<link rel=\"canonical\" href=\"https:\/\/www.luiso.net\/en\/automa\/\" \/>\n<meta property=\"og:locale\" content=\"en_US\" \/>\n<meta property=\"og:type\" content=\"article\" \/>\n<meta property=\"og:title\" content=\"AUTOMA : extrusion blow molding machines - Luiso\" \/>\n<meta property=\"og:description\" content=\"Automa by Magic hydraulic machines come from more than four years of experience as a continuation of the original Automa brand.\" \/>\n<meta property=\"og:url\" content=\"https:\/\/www.luiso.net\/en\/automa\/\" \/>\n<meta property=\"og:site_name\" content=\"Luiso\" \/>\n<meta property=\"article:modified_time\" content=\"2024-07-02T09:59:12+00:00\" \/>\n<meta property=\"og:image\" content=\"https:\/\/www.luiso.net\/wp-content\/uploads\/2021\/11\/AUTOMA-VETTORIALE-LUISO.jpg\" \/>\n<meta name=\"twitter:card\" content=\"summary_large_image\" \/>\n<meta name=\"twitter:label1\" content=\"Est. reading time\" \/>\n\t<meta name=\"twitter:data1\" content=\"2 minutes\" \/>\n<script type=\"application\/ld+json\" class=\"yoast-schema-graph\">{\"@context\":\"https:\/\/schema.org\",\"@graph\":[{\"@type\":\"WebPage\",\"@id\":\"https:\/\/www.luiso.net\/en\/automa\/\",\"url\":\"https:\/\/www.luiso.net\/en\/automa\/\",\"name\":\"AUTOMA : extrusion blow molding machines - Luiso\",\"isPartOf\":{\"@id\":\"https:\/\/www.luiso.net\/#website\"},\"primaryImageOfPage\":{\"@id\":\"https:\/\/www.luiso.net\/en\/automa\/#primaryimage\"},\"image\":{\"@id\":\"https:\/\/www.luiso.net\/en\/automa\/#primaryimage\"},\"thumbnailUrl\":\"https:\/\/www.luiso.net\/wp-content\/uploads\/2021\/11\/AUTOMA-VETTORIALE-LUISO.jpg\",\"datePublished\":\"2021-11-16T08:27:21+00:00\",\"dateModified\":\"2024-07-02T09:59:12+00:00\",\"description\":\"Automa by Magic hydraulic machines come from more than four years of experience as a continuation of the original Automa brand.\",\"breadcrumb\":{\"@id\":\"https:\/\/www.luiso.net\/en\/automa\/#breadcrumb\"},\"inLanguage\":\"en-US\",\"potentialAction\":[{\"@type\":\"ReadAction\",\"target\":[\"https:\/\/www.luiso.net\/en\/automa\/\"]}]},{\"@type\":\"ImageObject\",\"inLanguage\":\"en-US\",\"@id\":\"https:\/\/www.luiso.net\/en\/automa\/#primaryimage\",\"url\":\"https:\/\/www.luiso.net\/wp-content\/uploads\/2021\/11\/AUTOMA-VETTORIALE-LUISO.jpg\",\"contentUrl\":\"https:\/\/www.luiso.net\/wp-content\/uploads\/2021\/11\/AUTOMA-VETTORIALE-LUISO.jpg\"},{\"@type\":\"BreadcrumbList\",\"@id\":\"https:\/\/www.luiso.net\/en\/automa\/#breadcrumb\",\"itemListElement\":[{\"@type\":\"ListItem\",\"position\":1,\"name\":\"Portada\",\"item\":\"https:\/\/www.luiso.net\/\"},{\"@type\":\"ListItem\",\"position\":2,\"name\":\"AUTOMA\"}]},{\"@type\":\"WebSite\",\"@id\":\"https:\/\/www.luiso.net\/#website\",\"url\":\"https:\/\/www.luiso.net\/\",\"name\":\"Luiso\",\"description\":\"Transformaci\u00f3n Pl\u00e1stico - Ingenier\u00eda\",\"potentialAction\":[{\"@type\":\"SearchAction\",\"target\":{\"@type\":\"EntryPoint\",\"urlTemplate\":\"https:\/\/www.luiso.net\/?s={search_term_string}\"},\"query-input\":{\"@type\":\"PropertyValueSpecification\",\"valueRequired\":true,\"valueName\":\"search_term_string\"}}],\"inLanguage\":\"en-US\"}]}<\/script>\n<!-- \/ Yoast SEO plugin. -->","yoast_head_json":{"title":"AUTOMA : extrusion blow molding machines - Luiso","description":"Automa by Magic hydraulic machines come from more than four years of experience as a continuation of the original Automa brand.","robots":{"index":"index","follow":"follow","max-snippet":"max-snippet:-1","max-image-preview":"max-image-preview:large","max-video-preview":"max-video-preview:-1"},"canonical":"https:\/\/www.luiso.net\/en\/automa\/","og_locale":"en_US","og_type":"article","og_title":"AUTOMA : extrusion blow molding machines - Luiso","og_description":"Automa by Magic hydraulic machines come from more than four years of experience as a continuation of the original Automa brand.","og_url":"https:\/\/www.luiso.net\/en\/automa\/","og_site_name":"Luiso","article_modified_time":"2024-07-02T09:59:12+00:00","og_image":[{"url":"https:\/\/www.luiso.net\/wp-content\/uploads\/2021\/11\/AUTOMA-VETTORIALE-LUISO.jpg","type":"","width":"","height":""}],"twitter_card":"summary_large_image","twitter_misc":{"Est. reading time":"2 minutes"},"schema":{"@context":"https:\/\/schema.org","@graph":[{"@type":"WebPage","@id":"https:\/\/www.luiso.net\/en\/automa\/","url":"https:\/\/www.luiso.net\/en\/automa\/","name":"AUTOMA : extrusion blow molding machines - Luiso","isPartOf":{"@id":"https:\/\/www.luiso.net\/#website"},"primaryImageOfPage":{"@id":"https:\/\/www.luiso.net\/en\/automa\/#primaryimage"},"image":{"@id":"https:\/\/www.luiso.net\/en\/automa\/#primaryimage"},"thumbnailUrl":"https:\/\/www.luiso.net\/wp-content\/uploads\/2021\/11\/AUTOMA-VETTORIALE-LUISO.jpg","datePublished":"2021-11-16T08:27:21+00:00","dateModified":"2024-07-02T09:59:12+00:00","description":"Automa by Magic hydraulic machines come from more than four years of experience as a continuation of the original Automa brand.","breadcrumb":{"@id":"https:\/\/www.luiso.net\/en\/automa\/#breadcrumb"},"inLanguage":"en-US","potentialAction":[{"@type":"ReadAction","target":["https:\/\/www.luiso.net\/en\/automa\/"]}]},{"@type":"ImageObject","inLanguage":"en-US","@id":"https:\/\/www.luiso.net\/en\/automa\/#primaryimage","url":"https:\/\/www.luiso.net\/wp-content\/uploads\/2021\/11\/AUTOMA-VETTORIALE-LUISO.jpg","contentUrl":"https:\/\/www.luiso.net\/wp-content\/uploads\/2021\/11\/AUTOMA-VETTORIALE-LUISO.jpg"},{"@type":"BreadcrumbList","@id":"https:\/\/www.luiso.net\/en\/automa\/#breadcrumb","itemListElement":[{"@type":"ListItem","position":1,"name":"Portada","item":"https:\/\/www.luiso.net\/"},{"@type":"ListItem","position":2,"name":"AUTOMA"}]},{"@type":"WebSite","@id":"https:\/\/www.luiso.net\/#website","url":"https:\/\/www.luiso.net\/","name":"Luiso","description":"Transformaci\u00f3n Pl\u00e1stico - Ingenier\u00eda","potentialAction":[{"@type":"SearchAction","target":{"@type":"EntryPoint","urlTemplate":"https:\/\/www.luiso.net\/?s={search_term_string}"},"query-input":{"@type":"PropertyValueSpecification","valueRequired":true,"valueName":"search_term_string"}}],"inLanguage":"en-US"}]}},"_links":{"self":[{"href":"https:\/\/www.luiso.net\/en\/wp-json\/wp\/v2\/pages\/2972","targetHints":{"allow":["GET"]}}],"collection":[{"href":"https:\/\/www.luiso.net\/en\/wp-json\/wp\/v2\/pages"}],"about":[{"href":"https:\/\/www.luiso.net\/en\/wp-json\/wp\/v2\/types\/page"}],"author":[{"embeddable":true,"href":"https:\/\/www.luiso.net\/en\/wp-json\/wp\/v2\/users\/3"}],"replies":[{"embeddable":true,"href":"https:\/\/www.luiso.net\/en\/wp-json\/wp\/v2\/comments?post=2972"}],"version-history":[{"count":10,"href":"https:\/\/www.luiso.net\/en\/wp-json\/wp\/v2\/pages\/2972\/revisions"}],"predecessor-version":[{"id":3681,"href":"https:\/\/www.luiso.net\/en\/wp-json\/wp\/v2\/pages\/2972\/revisions\/3681"}],"wp:attachment":[{"href":"https:\/\/www.luiso.net\/en\/wp-json\/wp\/v2\/media?parent=2972"}],"curies":[{"name":"wp","href":"https:\/\/api.w.org\/{rel}","templated":true}]}}