{"id":2809,"date":"2020-05-13T09:44:57","date_gmt":"2020-05-13T07:44:57","guid":{"rendered":"https:\/\/www.luiso.net\/piovan\/"},"modified":"2024-07-02T11:50:11","modified_gmt":"2024-07-02T09:50:11","slug":"piovan","status":"publish","type":"page","link":"https:\/\/www.luiso.net\/en\/piovan\/","title":{"rendered":"PIOVAN"},"content":{"rendered":"\t\t<div data-elementor-type=\"wp-page\" data-elementor-id=\"2809\" class=\"elementor elementor-2809 elementor-276\" data-elementor-post-type=\"page\">\n\t\t\t\t\t\t<section class=\"elementor-section elementor-top-section elementor-element elementor-element-42577f0 elementor-section-boxed elementor-section-height-default elementor-section-height-default parallax_section_no qode_elementor_container_no\" data-id=\"42577f0\" data-element_type=\"section\">\n\t\t\t\t\t\t<div class=\"elementor-container elementor-column-gap-default\">\n\t\t\t\t\t<div class=\"elementor-column elementor-col-33 elementor-top-column elementor-element elementor-element-6c5c1e3\" data-id=\"6c5c1e3\" data-element_type=\"column\">\n\t\t\t<div class=\"elementor-widget-wrap elementor-element-populated\">\n\t\t\t\t\t\t<div class=\"elementor-element elementor-element-db17ba7 elementor-widget elementor-widget-image\" data-id=\"db17ba7\" data-element_type=\"widget\" data-widget_type=\"image.default\">\n\t\t\t\t<div class=\"elementor-widget-container\">\n\t\t\t\t\t\t\t\t\t\t\t\t\t\t\t<img fetchpriority=\"high\" decoding=\"async\" width=\"600\" height=\"201\" src=\"https:\/\/www.luiso.net\/wp-content\/uploads\/2021\/06\/marca-piovan-landing.jpg\" class=\"attachment-full size-full wp-image-1407\" alt=\"\" srcset=\"https:\/\/www.luiso.net\/wp-content\/uploads\/2021\/06\/marca-piovan-landing.jpg 600w, https:\/\/www.luiso.net\/wp-content\/uploads\/2021\/06\/marca-piovan-landing-300x101.jpg 300w\" sizes=\"(max-width: 600px) 100vw, 600px\" \/>\t\t\t\t\t\t\t\t\t\t\t\t\t\t\t<\/div>\n\t\t\t\t<\/div>\n\t\t\t\t\t<\/div>\n\t\t<\/div>\n\t\t\t\t<div class=\"elementor-column elementor-col-66 elementor-top-column elementor-element elementor-element-bf7cfd6\" data-id=\"bf7cfd6\" data-element_type=\"column\">\n\t\t\t<div class=\"elementor-widget-wrap elementor-element-populated\">\n\t\t\t\t\t\t<div class=\"elementor-element elementor-element-0ece853 elementor-widget elementor-widget-heading\" data-id=\"0ece853\" data-element_type=\"widget\" data-widget_type=\"heading.default\">\n\t\t\t\t<div class=\"elementor-widget-container\">\n\t\t\t\t\t<h1 class=\"elementor-heading-title elementor-size-default\">Piovan - Auxiliary equipment for the processing of plastic materials<\/h1>\t\t\t\t<\/div>\n\t\t\t\t<\/div>\n\t\t\t\t\t<\/div>\n\t\t<\/div>\n\t\t\t\t\t<\/div>\n\t\t<\/section>\n\t\t\t\t<section class=\"elementor-section elementor-top-section elementor-element elementor-element-e93e9ac elementor-section-boxed elementor-section-height-default elementor-section-height-default parallax_section_no qode_elementor_container_no\" data-id=\"e93e9ac\" data-element_type=\"section\">\n\t\t\t\t\t\t<div class=\"elementor-container elementor-column-gap-wide\">\n\t\t\t\t\t<div class=\"elementor-column elementor-col-66 elementor-top-column elementor-element elementor-element-08ac952\" data-id=\"08ac952\" data-element_type=\"column\">\n\t\t\t<div class=\"elementor-widget-wrap elementor-element-populated\">\n\t\t\t\t\t\t<div class=\"elementor-element elementor-element-ed5b8eb elementor-widget elementor-widget-text-editor\" data-id=\"ed5b8eb\" data-element_type=\"widget\" data-widget_type=\"text-editor.default\">\n\t\t\t\t<div class=\"elementor-widget-container\">\n\t\t\t\t\t\t\t\t\t<p>Piovan was founded in 1934 as a mechanical engineering company. In 1964 it entered the plastics industry and specialised in the manufacture of auxiliary equipment.<\/p>\n\n&nbsp;\n\n<p>With more than fifty thousand customers worldwide, the company is the world&#8217;s largest player in the field of auxiliary technologies for the various polymer transformation processes.<\/p>\n\n&nbsp;\n\n<p>The only one able to supply a complete range of products including: hoppers, dryers, crystallisers, hot air dryers, mould dryers, volumetric, gravimetric and loss-in-weight mixers, granulators, thermoregulators and coolers. Piovan&#8217;s supply is completed by the supervision software, which allows the control of the plant&#8217;s productivity.<\/p>\n\n&nbsp;\n\n<p>In the last ten years, the company has grown into a multinational organisation with production plants in Italy, Germany, Brazil, China and the United States, 21 subsidiaries and representatives for more than 70 countries. With its worldwide sales and technical support network, Piovan operates in the engineering sector as a business partner that designs and creates centralised turnkey systems and innovative solutions that respond to market demand and technological evolution.<\/p>\t\t\t\t\t\t\t\t<\/div>\n\t\t\t\t<\/div>\n\t\t\t\t\t<\/div>\n\t\t<\/div>\n\t\t\t\t<div class=\"elementor-column elementor-col-33 elementor-top-column elementor-element elementor-element-2d5db59\" data-id=\"2d5db59\" data-element_type=\"column\">\n\t\t\t<div class=\"elementor-widget-wrap elementor-element-populated\">\n\t\t\t\t\t\t<div class=\"elementor-element elementor-element-8a30158 elementor-widget elementor-widget-image\" data-id=\"8a30158\" data-element_type=\"widget\" data-widget_type=\"image.default\">\n\t\t\t\t<div class=\"elementor-widget-container\">\n\t\t\t\t\t\t\t\t\t\t\t\t\t\t\t\t<a href=\"https:\/\/www.luiso.net\/wp-content\/uploads\/2021\/06\/piovan-group-landing..jpg\" data-elementor-open-lightbox=\"yes\" data-elementor-lightbox-title=\"piovan-group-landing.\" data-e-action-hash=\"#elementor-action%3Aaction%3Dlightbox%26settings%3DeyJpZCI6MTQyMSwidXJsIjoiaHR0cHM6XC9cL3d3dy5sdWlzby5uZXRcL3dwLWNvbnRlbnRcL3VwbG9hZHNcLzIwMjFcLzA2XC9waW92YW4tZ3JvdXAtbGFuZGluZy4uanBnIn0%3D\">\n\t\t\t\t\t\t\t<img decoding=\"async\" width=\"551\" height=\"551\" src=\"https:\/\/www.luiso.net\/wp-content\/uploads\/2021\/06\/piovan-group-landing..jpg\" class=\"attachment-full size-full wp-image-1421\" alt=\"maquinaria piovan group de equipos auxiliares\" srcset=\"https:\/\/www.luiso.net\/wp-content\/uploads\/2021\/06\/piovan-group-landing..jpg 551w, https:\/\/www.luiso.net\/wp-content\/uploads\/2021\/06\/piovan-group-landing.-300x300.jpg 300w, https:\/\/www.luiso.net\/wp-content\/uploads\/2021\/06\/piovan-group-landing.-150x150.jpg 150w, https:\/\/www.luiso.net\/wp-content\/uploads\/2021\/06\/piovan-group-landing.-500x500.jpg 500w\" sizes=\"(max-width: 551px) 100vw, 551px\" \/>\t\t\t\t\t\t\t\t<\/a>\n\t\t\t\t\t\t\t\t\t\t\t\t\t\t\t<\/div>\n\t\t\t\t<\/div>\n\t\t\t\t\t<\/div>\n\t\t<\/div>\n\t\t\t\t\t<\/div>\n\t\t<\/section>\n\t\t\t\t<section class=\"elementor-section elementor-top-section elementor-element elementor-element-9b698b6 elementor-section-boxed elementor-section-height-default elementor-section-height-default parallax_section_no qode_elementor_container_no\" data-id=\"9b698b6\" data-element_type=\"section\">\n\t\t\t\t\t\t<div class=\"elementor-container elementor-column-gap-default\">\n\t\t\t\t\t\t<\/div>\n\t\t<\/section>\n\t\t\t\t<section class=\"elementor-section elementor-top-section elementor-element elementor-element-2d462b7 elementor-section-boxed elementor-section-height-default elementor-section-height-default parallax_section_no qode_elementor_container_no\" data-id=\"2d462b7\" data-element_type=\"section\" data-settings=\"{&quot;background_background&quot;:&quot;classic&quot;}\">\n\t\t\t\t\t\t<div class=\"elementor-container elementor-column-gap-default\">\n\t\t\t\t\t<div class=\"elementor-column elementor-col-100 elementor-top-column elementor-element elementor-element-76c8384\" data-id=\"76c8384\" data-element_type=\"column\">\n\t\t\t<div class=\"elementor-widget-wrap elementor-element-populated\">\n\t\t\t\t\t\t<div class=\"elementor-element elementor-element-9142545 elementor-widget elementor-widget-heading\" data-id=\"9142545\" data-element_type=\"widget\" data-widget_type=\"heading.default\">\n\t\t\t\t<div class=\"elementor-widget-container\">\n\t\t\t\t\t<h4 class=\"elementor-heading-title elementor-size-default\">Contact us for more information about Piovan machines<\/h4>\t\t\t\t<\/div>\n\t\t\t\t<\/div>\n\t\t\t\t<div class=\"elementor-element elementor-element-0ed49a6 animated-fast elementor-invisible elementor-widget elementor-widget-bridge_button\" data-id=\"0ed49a6\" data-element_type=\"widget\" data-settings=\"{&quot;_animation&quot;:&quot;fadeInUp&quot;}\" data-widget_type=\"bridge_button.default\">\n\t\t\t\t<div class=\"elementor-widget-container\">\n\t\t\t\t\t<a  itemprop=\"url\" href=\"\/en\/contact\" target=\"_self\" data-hover-background-color=\"#FFFFFF\" data-hover-border-color=\"#AB2026\" data-hover-color=\"#AB2026\" class=\"qbutton  medium enlarge btn-center\" style=\"color: #FFFFFF; border-color: #AB2026; background-color:#AB2026;\">contact<span aria-hidden=\"true\" class=\"qode_icon_font_elegant icon_mail_alt qode_button_icon_element\" style=\"color: #FFFFFF\"><\/span><\/a>\t\t\t\t<\/div>\n\t\t\t\t<\/div>\n\t\t\t\t\t<\/div>\n\t\t<\/div>\n\t\t\t\t\t<\/div>\n\t\t<\/section>\n\t\t\t\t<section class=\"elementor-section elementor-top-section elementor-element elementor-element-d3a04b5 elementor-section-boxed elementor-section-height-default elementor-section-height-default parallax_section_no qode_elementor_container_no\" data-id=\"d3a04b5\" data-element_type=\"section\">\n\t\t\t\t\t\t<div class=\"elementor-container elementor-column-gap-default\">\n\t\t\t\t\t<div class=\"elementor-column elementor-col-100 elementor-top-column elementor-element elementor-element-babbc1a\" data-id=\"babbc1a\" data-element_type=\"column\">\n\t\t\t<div class=\"elementor-widget-wrap elementor-element-populated\">\n\t\t\t\t\t\t<div class=\"elementor-element elementor-element-f70bef2 elementor-widget elementor-widget-heading\" data-id=\"f70bef2\" data-element_type=\"widget\" data-widget_type=\"heading.default\">\n\t\t\t\t<div class=\"elementor-widget-container\">\n\t\t\t\t\t<h2 class=\"elementor-heading-title elementor-size-default\">PIOVAN MULTIMEDIA GALLERY<\/h2>\t\t\t\t<\/div>\n\t\t\t\t<\/div>\n\t\t\t\t\t<\/div>\n\t\t<\/div>\n\t\t\t\t\t<\/div>\n\t\t<\/section>\n\t\t\t\t<section class=\"elementor-section elementor-top-section elementor-element elementor-element-107b6be elementor-section-boxed elementor-section-height-default elementor-section-height-default parallax_section_no qode_elementor_container_no\" data-id=\"107b6be\" data-element_type=\"section\">\n\t\t\t\t\t\t<div class=\"elementor-container elementor-column-gap-default\">\n\t\t\t\t\t<div class=\"elementor-column elementor-col-100 elementor-top-column elementor-element elementor-element-920fb15\" data-id=\"920fb15\" data-element_type=\"column\">\n\t\t\t<div class=\"elementor-widget-wrap elementor-element-populated\">\n\t\t\t\t\t\t<div class=\"elementor-element elementor-element-0aea0ca tabs-producte elementor-widget elementor-widget-bridge_tabs\" data-id=\"0aea0ca\" data-element_type=\"widget\" data-widget_type=\"bridge_tabs.default\">\n\t\t\t\t<div class=\"elementor-widget-container\">\n\t\t\t\t\t<div class=\"qode-advanced-tabs qode-advanced-tabs qode-advanced-horizontal-tab clearfix qode-advanced-tab-without-icon qode-advanced-tabs-column-4 clearfix\">\n\t<ul class=\"qode-advanced-tabs-nav\">\n\t\t\t\t\t<li>\n\t\t\t\t<h6>\n\t\t\t\t\t<a href=\"#tab-products\">\n\t\t\t\t\t\t\n\t\t\t\t\t\t\t\t\t\t\t\t\t<span class=\"qode-advanced-tab-text-after-icon\">\n\t\t\t\t\t\t\t\tPRODUCTS\t\t\t\t\t\t\t<\/span>\n\t\t\t\t\t\t\t\t\t\t\t<\/a>\n\t\t\t\t<\/h6>\n\t\t\t<\/li>\n\t\t\t\t\t<li>\n\t\t\t\t<h6>\n\t\t\t\t\t<a href=\"#tab-facilities\">\n\t\t\t\t\t\t\n\t\t\t\t\t\t\t\t\t\t\t\t\t<span class=\"qode-advanced-tab-text-after-icon\">\n\t\t\t\t\t\t\t\tFACILITIES\t\t\t\t\t\t\t<\/span>\n\t\t\t\t\t\t\t\t\t\t\t<\/a>\n\t\t\t\t<\/h6>\n\t\t\t<\/li>\n\t\t\t\t\t<li>\n\t\t\t\t<h6>\n\t\t\t\t\t<a href=\"#tab-videos\">\n\t\t\t\t\t\t\n\t\t\t\t\t\t\t\t\t\t\t\t\t<span class=\"qode-advanced-tab-text-after-icon\">\n\t\t\t\t\t\t\t\tVIDEOS\t\t\t\t\t\t\t<\/span>\n\t\t\t\t\t\t\t\t\t\t\t<\/a>\n\t\t\t\t<\/h6>\n\t\t\t<\/li>\n\t\t\t\t\t<li>\n\t\t\t\t<h6>\n\t\t\t\t\t<a href=\"#tab-presentations\">\n\t\t\t\t\t\t\n\t\t\t\t\t\t\t\t\t\t\t\t\t<span class=\"qode-advanced-tab-text-after-icon\">\n\t\t\t\t\t\t\t\tPRESENTATIONS\t\t\t\t\t\t\t<\/span>\n\t\t\t\t\t\t\t\t\t\t\t<\/a>\n\t\t\t\t<\/h6>\n\t\t\t<\/li>\n\t\t\t<\/ul>\n\t<div class=\"qode-advanced-tab-container\" id=\"tab-products-626\" data-icon-pack=\"font_awesome_5\" data-icon-html=\"&lt;i class=&quot;qode_icon_font_awesome_5 fa5 fa fa-file-powerpoint &quot; &gt;&lt;\/i&gt;\"><p>ngg_shortcode_0_placeholder<\/p><\/div><div class=\"qode-advanced-tab-container\" id=\"tab-facilities-333\" data-icon-pack=\"font_awesome_5\" data-icon-html=\"&lt;i class=&quot;qode_icon_font_awesome_5 fa5 fa fa-images &quot; &gt;&lt;\/i&gt;\"><\/div><div class=\"qode-advanced-tab-container\" id=\"tab-videos-775\" data-icon-pack=\"font_awesome_5\" data-icon-html=\"&lt;i class=&quot;qode_icon_font_awesome_5 fa5 fa fa-play-circle &quot; &gt;&lt;\/i&gt;\"><p><div style=\"width: 1060px;\" class=\"wp-video\"><video class=\"wp-video-shortcode\" id=\"video-2809-1\" width=\"1060\" height=\"596\" preload=\"metadata\" controls=\"controls\"><source type=\"video\/mp4\" src=\"https:\/\/www.luiso.net\/wp-content\/uploads\/2021\/07\/Piovan-Group-Corporate-video.mp4?_=1\" \/><a href=\"https:\/\/www.luiso.net\/wp-content\/uploads\/2021\/07\/Piovan-Group-Corporate-video.mp4\">https:\/\/www.luiso.net\/wp-content\/uploads\/2021\/07\/Piovan-Group-Corporate-video.mp4<\/a><\/video><\/div><\/p><p><div style=\"width: 960px;\" class=\"wp-video\"><video class=\"wp-video-shortcode\" id=\"video-2809-2\" width=\"960\" height=\"720\" preload=\"metadata\" controls=\"controls\"><source type=\"video\/mp4\" src=\"https:\/\/www.luiso.net\/wp-content\/uploads\/1627\/63\/NORDSON-MEDICAL.mp4?_=2\" \/><a href=\"https:\/\/www.luiso.net\/wp-content\/uploads\/1627\/63\/NORDSON-MEDICAL.mp4\">https:\/\/www.luiso.net\/wp-content\/uploads\/1627\/63\/NORDSON-MEDICAL.mp4<\/a><\/video><\/div><\/p><\/div><div class=\"qode-advanced-tab-container\" id=\"tab-presentations-678\" data-icon-pack=\"font_awesome_5\" data-icon-html=\"&lt;i class=&quot;qode_icon_font_awesome_5 fa5 fa fa-play-circle &quot; &gt;&lt;\/i&gt;\"><\/div><\/div>\t\t\t\t<\/div>\n\t\t\t\t<\/div>\n\t\t\t\t\t<\/div>\n\t\t<\/div>\n\t\t\t\t\t<\/div>\n\t\t<\/section>\n\t\t\t\t<section class=\"elementor-section elementor-top-section elementor-element elementor-element-35d43521 elementor-section-boxed elementor-section-height-default elementor-section-height-default parallax_section_no qode_elementor_container_no\" data-id=\"35d43521\" data-element_type=\"section\" data-settings=\"{&quot;background_background&quot;:&quot;classic&quot;}\">\n\t\t\t\t\t\t\t<div class=\"elementor-background-overlay\"><\/div>\n\t\t\t\t\t\t\t<div class=\"elementor-container elementor-column-gap-custom\">\n\t\t\t\t\t<div class=\"elementor-column elementor-col-100 elementor-top-column elementor-element elementor-element-690f71eb\" data-id=\"690f71eb\" data-element_type=\"column\">\n\t\t\t<div class=\"elementor-widget-wrap elementor-element-populated\">\n\t\t\t\t\t\t<div class=\"elementor-element elementor-element-1d689a8d elementor-widget elementor-widget-heading\" data-id=\"1d689a8d\" data-element_type=\"widget\" data-widget_type=\"heading.default\">\n\t\t\t\t<div class=\"elementor-widget-container\">\n\t\t\t\t\t<h2 class=\"elementor-heading-title elementor-size-default\">CONTACT US NOW<\/h2>\t\t\t\t<\/div>\n\t\t\t\t<\/div>\n\t\t\t\t<div class=\"elementor-element elementor-element-5d298f8 contact-text elementor-widget elementor-widget-text-editor\" data-id=\"5d298f8\" data-element_type=\"widget\" data-widget_type=\"text-editor.default\">\n\t\t\t\t<div class=\"elementor-widget-container\">\n\t\t\t\t\t\t\t\t\t<p>We will be pleased to answer any queries you may have as quickly as possible.<\/p>\t\t\t\t\t\t\t\t<\/div>\n\t\t\t\t<\/div>\n\t\t\t\t<div class=\"elementor-element elementor-element-24219a4 animated-fast elementor-widget elementor-widget-bridge_button\" data-id=\"24219a4\" data-element_type=\"widget\" data-settings=\"{&quot;_animation&quot;:&quot;none&quot;}\" data-widget_type=\"bridge_button.default\">\n\t\t\t\t<div class=\"elementor-widget-container\">\n\t\t\t\t\t<a  itemprop=\"url\" href=\"\/en\/contact\" target=\"_self\" data-hover-background-color=\"#FFFFFF\" data-hover-border-color=\"#AB2026\" data-hover-color=\"#AB2026\" class=\"qbutton  medium enlarge btn-center\" style=\"color: #FFFFFF; border-color: #AB2026; background-color:#AB2026;\">contact<span aria-hidden=\"true\" class=\"qode_icon_font_elegant icon_mail_alt qode_button_icon_element\" style=\"color: #FFFFFF\"><\/span><\/a>\t\t\t\t<\/div>\n\t\t\t\t<\/div>\n\t\t\t\t\t<\/div>\n\t\t<\/div>\n\t\t\t\t\t<\/div>\n\t\t<\/section>\n\t\t\t\t<\/div>\n\t\t","protected":false},"excerpt":{"rendered":"<p>Piovan &#8211; Auxiliary equipment for the processing of plastic materials&#8230;<\/p>\n","protected":false},"author":3,"featured_media":0,"parent":0,"menu_order":0,"comment_status":"closed","ping_status":"closed","template":"full_width.php","meta":{"ngg_post_thumbnail":0,"footnotes":""},"class_list":["post-2809","page","type-page","status-publish","hentry"],"yoast_head":"<!-- This site is optimized with the Yoast SEO plugin v25.3.1 - https:\/\/yoast.com\/wordpress\/plugins\/seo\/ -->\n<title>Piovan - Auxiliary equipment for processing plastics materials - LUISO<\/title>\n<meta name=\"description\" content=\"With more than fifty thousand customers, Piovan is the world&#039;s largest player in ancillary technologies for polymer processing.\" \/>\n<meta name=\"robots\" content=\"index, follow, max-snippet:-1, max-image-preview:large, max-video-preview:-1\" \/>\n<link rel=\"canonical\" href=\"https:\/\/www.luiso.net\/en\/piovan\/\" \/>\n<meta property=\"og:locale\" content=\"en_US\" \/>\n<meta property=\"og:type\" content=\"article\" \/>\n<meta property=\"og:title\" content=\"Piovan - Auxiliary equipment for processing plastics materials - LUISO\" \/>\n<meta property=\"og:description\" content=\"With more than fifty thousand customers, Piovan is the world&#039;s largest player in ancillary technologies for polymer processing.\" \/>\n<meta property=\"og:url\" content=\"https:\/\/www.luiso.net\/en\/piovan\/\" \/>\n<meta property=\"og:site_name\" content=\"Luiso\" \/>\n<meta property=\"article:modified_time\" content=\"2024-07-02T09:50:11+00:00\" \/>\n<meta property=\"og:image\" content=\"https:\/\/www.luiso.net\/wp-content\/uploads\/2021\/06\/marca-piovan-landing.jpg\" \/>\n<meta name=\"twitter:card\" content=\"summary_large_image\" \/>\n<meta name=\"twitter:label1\" content=\"Est. reading time\" \/>\n\t<meta name=\"twitter:data1\" content=\"5 minutes\" \/>\n<script type=\"application\/ld+json\" class=\"yoast-schema-graph\">{\"@context\":\"https:\/\/schema.org\",\"@graph\":[{\"@type\":\"WebPage\",\"@id\":\"https:\/\/www.luiso.net\/en\/piovan\/\",\"url\":\"https:\/\/www.luiso.net\/en\/piovan\/\",\"name\":\"Piovan - Auxiliary equipment for processing plastics materials - LUISO\",\"isPartOf\":{\"@id\":\"https:\/\/www.luiso.net\/#website\"},\"primaryImageOfPage\":{\"@id\":\"https:\/\/www.luiso.net\/en\/piovan\/#primaryimage\"},\"image\":{\"@id\":\"https:\/\/www.luiso.net\/en\/piovan\/#primaryimage\"},\"thumbnailUrl\":\"https:\/\/www.luiso.net\/wp-content\/uploads\/2021\/06\/marca-piovan-landing.jpg\",\"datePublished\":\"2020-05-13T07:44:57+00:00\",\"dateModified\":\"2024-07-02T09:50:11+00:00\",\"description\":\"With more than fifty thousand customers, Piovan is the world's largest player in ancillary technologies for polymer processing.\",\"breadcrumb\":{\"@id\":\"https:\/\/www.luiso.net\/en\/piovan\/#breadcrumb\"},\"inLanguage\":\"en-US\",\"potentialAction\":[{\"@type\":\"ReadAction\",\"target\":[\"https:\/\/www.luiso.net\/en\/piovan\/\"]}]},{\"@type\":\"ImageObject\",\"inLanguage\":\"en-US\",\"@id\":\"https:\/\/www.luiso.net\/en\/piovan\/#primaryimage\",\"url\":\"https:\/\/www.luiso.net\/wp-content\/uploads\/2021\/06\/marca-piovan-landing.jpg\",\"contentUrl\":\"https:\/\/www.luiso.net\/wp-content\/uploads\/2021\/06\/marca-piovan-landing.jpg\"},{\"@type\":\"BreadcrumbList\",\"@id\":\"https:\/\/www.luiso.net\/en\/piovan\/#breadcrumb\",\"itemListElement\":[{\"@type\":\"ListItem\",\"position\":1,\"name\":\"Portada\",\"item\":\"https:\/\/www.luiso.net\/\"},{\"@type\":\"ListItem\",\"position\":2,\"name\":\"PIOVAN\"}]},{\"@type\":\"WebSite\",\"@id\":\"https:\/\/www.luiso.net\/#website\",\"url\":\"https:\/\/www.luiso.net\/\",\"name\":\"Luiso\",\"description\":\"Transformaci\u00f3n Pl\u00e1stico - Ingenier\u00eda\",\"potentialAction\":[{\"@type\":\"SearchAction\",\"target\":{\"@type\":\"EntryPoint\",\"urlTemplate\":\"https:\/\/www.luiso.net\/?s={search_term_string}\"},\"query-input\":{\"@type\":\"PropertyValueSpecification\",\"valueRequired\":true,\"valueName\":\"search_term_string\"}}],\"inLanguage\":\"en-US\"}]}<\/script>\n<!-- \/ Yoast SEO plugin. -->","yoast_head_json":{"title":"Piovan - Auxiliary equipment for processing plastics materials - LUISO","description":"With more than fifty thousand customers, Piovan is the world's largest player in ancillary technologies for polymer processing.","robots":{"index":"index","follow":"follow","max-snippet":"max-snippet:-1","max-image-preview":"max-image-preview:large","max-video-preview":"max-video-preview:-1"},"canonical":"https:\/\/www.luiso.net\/en\/piovan\/","og_locale":"en_US","og_type":"article","og_title":"Piovan - Auxiliary equipment for processing plastics materials - LUISO","og_description":"With more than fifty thousand customers, Piovan is the world's largest player in ancillary technologies for polymer processing.","og_url":"https:\/\/www.luiso.net\/en\/piovan\/","og_site_name":"Luiso","article_modified_time":"2024-07-02T09:50:11+00:00","og_image":[{"url":"https:\/\/www.luiso.net\/wp-content\/uploads\/2021\/06\/marca-piovan-landing.jpg","type":"","width":"","height":""}],"twitter_card":"summary_large_image","twitter_misc":{"Est. reading time":"5 minutes"},"schema":{"@context":"https:\/\/schema.org","@graph":[{"@type":"WebPage","@id":"https:\/\/www.luiso.net\/en\/piovan\/","url":"https:\/\/www.luiso.net\/en\/piovan\/","name":"Piovan - Auxiliary equipment for processing plastics materials - LUISO","isPartOf":{"@id":"https:\/\/www.luiso.net\/#website"},"primaryImageOfPage":{"@id":"https:\/\/www.luiso.net\/en\/piovan\/#primaryimage"},"image":{"@id":"https:\/\/www.luiso.net\/en\/piovan\/#primaryimage"},"thumbnailUrl":"https:\/\/www.luiso.net\/wp-content\/uploads\/2021\/06\/marca-piovan-landing.jpg","datePublished":"2020-05-13T07:44:57+00:00","dateModified":"2024-07-02T09:50:11+00:00","description":"With more than fifty thousand customers, Piovan is the world's largest player in ancillary technologies for polymer processing.","breadcrumb":{"@id":"https:\/\/www.luiso.net\/en\/piovan\/#breadcrumb"},"inLanguage":"en-US","potentialAction":[{"@type":"ReadAction","target":["https:\/\/www.luiso.net\/en\/piovan\/"]}]},{"@type":"ImageObject","inLanguage":"en-US","@id":"https:\/\/www.luiso.net\/en\/piovan\/#primaryimage","url":"https:\/\/www.luiso.net\/wp-content\/uploads\/2021\/06\/marca-piovan-landing.jpg","contentUrl":"https:\/\/www.luiso.net\/wp-content\/uploads\/2021\/06\/marca-piovan-landing.jpg"},{"@type":"BreadcrumbList","@id":"https:\/\/www.luiso.net\/en\/piovan\/#breadcrumb","itemListElement":[{"@type":"ListItem","position":1,"name":"Portada","item":"https:\/\/www.luiso.net\/"},{"@type":"ListItem","position":2,"name":"PIOVAN"}]},{"@type":"WebSite","@id":"https:\/\/www.luiso.net\/#website","url":"https:\/\/www.luiso.net\/","name":"Luiso","description":"Transformaci\u00f3n Pl\u00e1stico - Ingenier\u00eda","potentialAction":[{"@type":"SearchAction","target":{"@type":"EntryPoint","urlTemplate":"https:\/\/www.luiso.net\/?s={search_term_string}"},"query-input":{"@type":"PropertyValueSpecification","valueRequired":true,"valueName":"search_term_string"}}],"inLanguage":"en-US"}]}},"_links":{"self":[{"href":"https:\/\/www.luiso.net\/en\/wp-json\/wp\/v2\/pages\/2809","targetHints":{"allow":["GET"]}}],"collection":[{"href":"https:\/\/www.luiso.net\/en\/wp-json\/wp\/v2\/pages"}],"about":[{"href":"https:\/\/www.luiso.net\/en\/wp-json\/wp\/v2\/types\/page"}],"author":[{"embeddable":true,"href":"https:\/\/www.luiso.net\/en\/wp-json\/wp\/v2\/users\/3"}],"replies":[{"embeddable":true,"href":"https:\/\/www.luiso.net\/en\/wp-json\/wp\/v2\/comments?post=2809"}],"version-history":[{"count":14,"href":"https:\/\/www.luiso.net\/en\/wp-json\/wp\/v2\/pages\/2809\/revisions"}],"predecessor-version":[{"id":3669,"href":"https:\/\/www.luiso.net\/en\/wp-json\/wp\/v2\/pages\/2809\/revisions\/3669"}],"wp:attachment":[{"href":"https:\/\/www.luiso.net\/en\/wp-json\/wp\/v2\/media?parent=2809"}],"curies":[{"name":"wp","href":"https:\/\/api.w.org\/{rel}","templated":true}]}}