{"id":2615,"date":"2021-08-06T12:41:48","date_gmt":"2021-08-06T10:41:48","guid":{"rendered":"https:\/\/www.luiso.net\/moldes-para-preformas-de-pet\/"},"modified":"2021-10-13T06:00:56","modified_gmt":"2021-10-13T04:00:56","slug":"pet-preform-moulds","status":"publish","type":"page","link":"https:\/\/www.luiso.net\/en\/pet-preform-moulds\/","title":{"rendered":"PET PREFORM MOULDS"},"content":{"rendered":"\t\t<div data-elementor-type=\"wp-page\" data-elementor-id=\"2615\" class=\"elementor elementor-2615 elementor-2250\" data-elementor-post-type=\"page\">\n\t\t\t\t\t\t<section class=\"elementor-section elementor-top-section elementor-element elementor-element-465b106 elementor-section-boxed elementor-section-height-default elementor-section-height-default parallax_section_no qode_elementor_container_no\" data-id=\"465b106\" data-element_type=\"section\" data-settings=\"{&quot;background_background&quot;:&quot;classic&quot;}\">\n\t\t\t\t\t\t\t<div class=\"elementor-background-overlay\"><\/div>\n\t\t\t\t\t\t\t<div class=\"elementor-container elementor-column-gap-default\">\n\t\t\t\t\t<div class=\"elementor-column elementor-col-100 elementor-top-column elementor-element elementor-element-f4823d1\" data-id=\"f4823d1\" data-element_type=\"column\">\n\t\t\t<div class=\"elementor-widget-wrap elementor-element-populated\">\n\t\t\t\t\t\t<div class=\"elementor-element elementor-element-fd3bca6 titulo-seccion elementor-widget elementor-widget-heading\" data-id=\"fd3bca6\" data-element_type=\"widget\" data-widget_type=\"heading.default\">\n\t\t\t\t<div class=\"elementor-widget-container\">\n\t\t\t\t\t<h1 class=\"elementor-heading-title elementor-size-default\">PET PREFORM MOULDS<\/h1>\t\t\t\t<\/div>\n\t\t\t\t<\/div>\n\t\t\t\t\t<\/div>\n\t\t<\/div>\n\t\t\t\t\t<\/div>\n\t\t<\/section>\n\t\t\t\t<section class=\"elementor-section elementor-top-section elementor-element elementor-element-2757cfd elementor-section-boxed elementor-section-height-default elementor-section-height-default parallax_section_no qode_elementor_container_no\" data-id=\"2757cfd\" data-element_type=\"section\" data-settings=\"{&quot;background_background&quot;:&quot;classic&quot;}\">\n\t\t\t\t\t\t<div class=\"elementor-container elementor-column-gap-default\">\n\t\t\t\t\t<div class=\"elementor-column elementor-col-100 elementor-top-column elementor-element elementor-element-9e7736b\" data-id=\"9e7736b\" data-element_type=\"column\">\n\t\t\t<div class=\"elementor-widget-wrap elementor-element-populated\">\n\t\t\t\t\t\t<div class=\"elementor-element elementor-element-cc3bc6e elementor-widget elementor-widget-text-editor\" data-id=\"cc3bc6e\" data-element_type=\"widget\" data-widget_type=\"text-editor.default\">\n\t\t\t\t<div class=\"elementor-widget-container\">\n\t\t\t\t\t\t\t\t\t<p>PET preform moulds and high speed production lines for PET preforms.<\/p>\t\t\t\t\t\t\t\t<\/div>\n\t\t\t\t<\/div>\n\t\t\t\t\t<\/div>\n\t\t<\/div>\n\t\t\t\t\t<\/div>\n\t\t<\/section>\n\t\t\t\t<section class=\"elementor-section elementor-top-section elementor-element elementor-element-a7567da elementor-section-boxed elementor-section-height-default elementor-section-height-default parallax_section_no qode_elementor_container_no\" data-id=\"a7567da\" data-element_type=\"section\">\n\t\t\t\t\t\t<div class=\"elementor-container elementor-column-gap-default\">\n\t\t\t\t\t<div class=\"elementor-column elementor-col-100 elementor-top-column elementor-element elementor-element-87f4d13\" data-id=\"87f4d13\" data-element_type=\"column\">\n\t\t\t<div class=\"elementor-widget-wrap elementor-element-populated\">\n\t\t\t\t\t\t<div class=\"elementor-element elementor-element-61cae28 elementor-widget elementor-widget-heading\" data-id=\"61cae28\" data-element_type=\"widget\" data-widget_type=\"heading.default\">\n\t\t\t\t<div class=\"elementor-widget-container\">\n\t\t\t\t\t<h3 class=\"elementor-heading-title elementor-size-default\">PET preform moulds and production lines for PET preforms.<\/h3>\t\t\t\t<\/div>\n\t\t\t\t<\/div>\n\t\t\t\t\t<\/div>\n\t\t<\/div>\n\t\t\t\t\t<\/div>\n\t\t<\/section>\n\t\t\t\t<section class=\"elementor-section elementor-top-section elementor-element elementor-element-3751f5e elementor-section-boxed elementor-section-height-default elementor-section-height-default parallax_section_no qode_elementor_container_no\" data-id=\"3751f5e\" data-element_type=\"section\">\n\t\t\t\t\t\t<div class=\"elementor-container elementor-column-gap-default\">\n\t\t\t\t\t<div class=\"elementor-column elementor-col-50 elementor-top-column elementor-element elementor-element-ed69552\" data-id=\"ed69552\" data-element_type=\"column\">\n\t\t\t<div class=\"elementor-widget-wrap elementor-element-populated\">\n\t\t\t\t\t\t<div class=\"elementor-element elementor-element-4e747ad elementor-widget elementor-widget-text-editor\" data-id=\"4e747ad\" data-element_type=\"widget\" data-widget_type=\"text-editor.default\">\n\t\t\t\t<div class=\"elementor-widget-container\">\n\t\t\t\t\t\t\t\t\t<p>PET preform moulds and high speed production lines for PET preforms.<\/p><p>\u00a0<\/p><p>Guangzhou Huayan Precision Machinery Co.Ltd, is a leading company in the PET injection moulding market and the second largest supplier in the world.<\/p>\t\t\t\t\t\t\t\t<\/div>\n\t\t\t\t<\/div>\n\t\t\t\t<div class=\"elementor-element elementor-element-fa3204a elementor-position-left elementor-vertical-align-middle elementor-view-default elementor-mobile-position-top elementor-widget elementor-widget-icon-box\" data-id=\"fa3204a\" data-element_type=\"widget\" data-widget_type=\"icon-box.default\">\n\t\t\t\t<div class=\"elementor-widget-container\">\n\t\t\t\t\t\t\t<div class=\"elementor-icon-box-wrapper\">\n\n\t\t\t\t\t\t<div class=\"elementor-icon-box-icon\">\n\t\t\t\t<a href=\"\/en\/huayan\" class=\"elementor-icon elementor-animation-pulse\" tabindex=\"-1\" aria-label=\"Manufacturer&#039;s page\">\n\t\t\t\t<i aria-hidden=\"true\" class=\"far fa-arrow-alt-circle-right\"><\/i>\t\t\t\t<\/a>\n\t\t\t<\/div>\n\t\t\t\n\t\t\t\t\t\t<div class=\"elementor-icon-box-content\">\n\n\t\t\t\t\t\t\t\t\t<h3 class=\"elementor-icon-box-title\">\n\t\t\t\t\t\t<a href=\"\/en\/huayan\" >\n\t\t\t\t\t\t\tManufacturer's page\t\t\t\t\t\t<\/a>\n\t\t\t\t\t<\/h3>\n\t\t\t\t\n\t\t\t\t\n\t\t\t<\/div>\n\t\t\t\n\t\t<\/div>\n\t\t\t\t\t\t<\/div>\n\t\t\t\t<\/div>\n\t\t\t\t\t<\/div>\n\t\t<\/div>\n\t\t\t\t<div class=\"elementor-column elementor-col-50 elementor-top-column elementor-element elementor-element-9171069\" data-id=\"9171069\" data-element_type=\"column\">\n\t\t\t<div class=\"elementor-widget-wrap elementor-element-populated\">\n\t\t\t\t\t\t<div class=\"elementor-element elementor-element-f7c0f4e elementor-pagination-position-inside elementor-skin-carousel elementor-arrows-yes elementor-pagination-type-bullets elementor-widget elementor-widget-media-carousel\" data-id=\"f7c0f4e\" data-element_type=\"widget\" data-settings=\"{&quot;slides_per_view&quot;:&quot;1&quot;,&quot;slides_to_scroll&quot;:&quot;1&quot;,&quot;skin&quot;:&quot;carousel&quot;,&quot;effect&quot;:&quot;slide&quot;,&quot;show_arrows&quot;:&quot;yes&quot;,&quot;pagination&quot;:&quot;bullets&quot;,&quot;speed&quot;:500,&quot;autoplay&quot;:&quot;yes&quot;,&quot;autoplay_speed&quot;:5000,&quot;loop&quot;:&quot;yes&quot;,&quot;pause_on_hover&quot;:&quot;yes&quot;,&quot;pause_on_interaction&quot;:&quot;yes&quot;,&quot;space_between&quot;:{&quot;unit&quot;:&quot;px&quot;,&quot;size&quot;:10,&quot;sizes&quot;:[]},&quot;space_between_tablet&quot;:{&quot;unit&quot;:&quot;px&quot;,&quot;size&quot;:10,&quot;sizes&quot;:[]},&quot;space_between_mobile&quot;:{&quot;unit&quot;:&quot;px&quot;,&quot;size&quot;:10,&quot;sizes&quot;:[]}}\" data-widget_type=\"media-carousel.default\">\n\t\t\t\t<div class=\"elementor-widget-container\">\n\t\t\t\t\t\t\t\t\t<div class=\"elementor-swiper\">\n\t\t\t\t\t<div class=\"elementor-main-swiper swiper\" role=\"region\" aria-roledescription=\"carousel\" aria-label=\"Slides\">\n\t\t\t\t<div class=\"swiper-wrapper\">\n\t\t\t\t\t\t\t\t\t\t\t<div class=\"swiper-slide\" role=\"group\" aria-roledescription=\"slide\">\n\t\t\t\t\t\t\t<a href=\"https:\/\/www.luiso.net\/wp-content\/uploads\/2021\/08\/linea-de-produccion-para-preformas-pet-huayan.jpg\" data-elementor-open-lightbox=\"yes\" data-elementor-lightbox-slideshow=\"f7c0f4e\" data-elementor-lightbox-title=\"linea de produccion para preformas pet huayan\" data-e-action-hash=\"#elementor-action%3Aaction%3Dlightbox%26settings%3DeyJpZCI6MjI1NSwidXJsIjoiaHR0cHM6XC9cL3d3dy5sdWlzby5uZXRcL3dwLWNvbnRlbnRcL3VwbG9hZHNcLzIwMjFcLzA4XC9saW5lYS1kZS1wcm9kdWNjaW9uLXBhcmEtcHJlZm9ybWFzLXBldC1odWF5YW4uanBnIiwic2xpZGVzaG93IjoiZjdjMGY0ZSJ9\">\t\t<div class=\"elementor-carousel-image\" role=\"img\" aria-label=\"linea de produccion para preformas pet huayan\" style=\"background-image: url(&#039;https:\/\/www.luiso.net\/wp-content\/uploads\/2021\/08\/linea-de-produccion-para-preformas-pet-huayan.jpg&#039;)\">\n\n\t\t\t\n\t\t\t\t\t<\/div>\n\t\t<\/a>\t\t\t\t\t\t<\/div>\n\t\t\t\t\t\t\t\t\t\t\t<div class=\"swiper-slide\" role=\"group\" aria-roledescription=\"slide\">\n\t\t\t\t\t\t\t<a href=\"https:\/\/www.luiso.net\/wp-content\/uploads\/2021\/08\/moldes-para-preformas-de-pet-huayan.jpg\" data-elementor-open-lightbox=\"yes\" data-elementor-lightbox-slideshow=\"f7c0f4e\" data-elementor-lightbox-title=\"moldes para preformas de pet huayan\" data-e-action-hash=\"#elementor-action%3Aaction%3Dlightbox%26settings%3DeyJpZCI6MjI1NywidXJsIjoiaHR0cHM6XC9cL3d3dy5sdWlzby5uZXRcL3dwLWNvbnRlbnRcL3VwbG9hZHNcLzIwMjFcLzA4XC9tb2xkZXMtcGFyYS1wcmVmb3JtYXMtZGUtcGV0LWh1YXlhbi5qcGciLCJzbGlkZXNob3ciOiJmN2MwZjRlIn0%3D\">\t\t<div class=\"elementor-carousel-image\" role=\"img\" aria-label=\"moldes para preformas de pet huayan\" style=\"background-image: url(&#039;https:\/\/www.luiso.net\/wp-content\/uploads\/2021\/08\/moldes-para-preformas-de-pet-huayan.jpg&#039;)\">\n\n\t\t\t\n\t\t\t\t\t<\/div>\n\t\t<\/a>\t\t\t\t\t\t<\/div>\n\t\t\t\t\t\t\t\t\t<\/div>\n\t\t\t\t\t\t\t\t\t\t\t\t\t\t\t<div class=\"elementor-swiper-button elementor-swiper-button-prev\" role=\"button\" tabindex=\"0\" aria-label=\"Previous\">\n\t\t\t\t\t\t\t<i aria-hidden=\"true\" class=\"eicon-chevron-left\"><\/i>\t\t\t\t\t\t<\/div>\n\t\t\t\t\t\t<div class=\"elementor-swiper-button elementor-swiper-button-next\" role=\"button\" tabindex=\"0\" aria-label=\"Next\">\n\t\t\t\t\t\t\t<i aria-hidden=\"true\" class=\"eicon-chevron-right\"><\/i>\t\t\t\t\t\t<\/div>\n\t\t\t\t\t\t\t\t\t\t\t\t\t\t\t\t<div class=\"swiper-pagination\"><\/div>\n\t\t\t\t\t\t\t\t\t\t\t\t<\/div>\n\t\t\t\t<\/div>\n\t\t\t\t\t\t\t\t<\/div>\n\t\t\t\t<\/div>\n\t\t\t\t\t<\/div>\n\t\t<\/div>\n\t\t\t\t\t<\/div>\n\t\t<\/section>\n\t\t\t\t<section class=\"elementor-section elementor-top-section elementor-element elementor-element-d082b65 elementor-section-boxed elementor-section-height-default elementor-section-height-default parallax_section_no qode_elementor_container_no\" data-id=\"d082b65\" data-element_type=\"section\" data-settings=\"{&quot;background_background&quot;:&quot;classic&quot;}\">\n\t\t\t\t\t\t\t<div class=\"elementor-background-overlay\"><\/div>\n\t\t\t\t\t\t\t<div class=\"elementor-container elementor-column-gap-custom\">\n\t\t\t\t\t<div class=\"elementor-column elementor-col-100 elementor-top-column elementor-element elementor-element-d48a57e\" data-id=\"d48a57e\" data-element_type=\"column\">\n\t\t\t<div class=\"elementor-widget-wrap elementor-element-populated\">\n\t\t\t\t\t\t<div class=\"elementor-element elementor-element-962fb52 elementor-widget elementor-widget-heading\" data-id=\"962fb52\" data-element_type=\"widget\" data-widget_type=\"heading.default\">\n\t\t\t\t<div class=\"elementor-widget-container\">\n\t\t\t\t\t<h2 class=\"elementor-heading-title elementor-size-default\">CONTACT US NOW<\/h2>\t\t\t\t<\/div>\n\t\t\t\t<\/div>\n\t\t\t\t<div class=\"elementor-element elementor-element-28308ed contact-text elementor-widget elementor-widget-text-editor\" data-id=\"28308ed\" data-element_type=\"widget\" data-widget_type=\"text-editor.default\">\n\t\t\t\t<div class=\"elementor-widget-container\">\n\t\t\t\t\t\t\t\t\t<p>We will be pleased to answer any queries you may have as soon as possible.<\/p>\t\t\t\t\t\t\t\t<\/div>\n\t\t\t\t<\/div>\n\t\t\t\t<div class=\"elementor-element elementor-element-568dd3d animated-fast elementor-invisible elementor-widget elementor-widget-bridge_button\" data-id=\"568dd3d\" data-element_type=\"widget\" data-settings=\"{&quot;_animation&quot;:&quot;fadeInUp&quot;}\" data-widget_type=\"bridge_button.default\">\n\t\t\t\t<div class=\"elementor-widget-container\">\n\t\t\t\t\t<a  itemprop=\"url\" href=\"\/en\/contact\" target=\"_self\" data-hover-background-color=\"#FFFFFF\" data-hover-border-color=\"#AB2026\" data-hover-color=\"#AB2026\" class=\"qbutton  enlarge btn-center\" style=\"color: #FFFFFF; border-color: #AB2026; background-color:#AB2026;\">contact<span aria-hidden=\"true\" class=\"qode_icon_font_elegant icon_mail_alt qode_button_icon_element\" style=\"color: #FFFFFF\"><\/span><\/a>\t\t\t\t<\/div>\n\t\t\t\t<\/div>\n\t\t\t\t\t<\/div>\n\t\t<\/div>\n\t\t\t\t\t<\/div>\n\t\t<\/section>\n\t\t\t\t<\/div>\n\t\t","protected":false},"excerpt":{"rendered":"<p>PET PREFORM MOULDS PET preform moulds and high speed production&#8230;<\/p>\n","protected":false},"author":3,"featured_media":0,"parent":0,"menu_order":0,"comment_status":"closed","ping_status":"closed","template":"full_width.php","meta":{"ngg_post_thumbnail":0,"footnotes":""},"class_list":["post-2615","page","type-page","status-publish","hentry"],"yoast_head":"<!-- This site is optimized with the Yoast SEO plugin v25.3.1 - https:\/\/yoast.com\/wordpress\/plugins\/seo\/ -->\n<title>PET PREFORM MOULDS - Luiso<\/title>\n<meta name=\"description\" content=\"Global suppliers of PET preform moulds and high-speed PET preform production lines.\" \/>\n<meta name=\"robots\" content=\"index, follow, max-snippet:-1, max-image-preview:large, max-video-preview:-1\" \/>\n<link rel=\"canonical\" href=\"https:\/\/www.luiso.net\/en\/pet-preform-moulds\/\" \/>\n<meta property=\"og:locale\" content=\"en_US\" \/>\n<meta property=\"og:type\" content=\"article\" \/>\n<meta property=\"og:title\" content=\"PET PREFORM MOULDS - Luiso\" \/>\n<meta property=\"og:description\" content=\"Global suppliers of PET preform moulds and high-speed PET preform production lines.\" \/>\n<meta property=\"og:url\" content=\"https:\/\/www.luiso.net\/en\/pet-preform-moulds\/\" \/>\n<meta property=\"og:site_name\" content=\"Luiso\" \/>\n<meta property=\"article:modified_time\" content=\"2021-10-13T04:00:56+00:00\" \/>\n<meta name=\"twitter:card\" content=\"summary_large_image\" \/>\n<meta name=\"twitter:label1\" content=\"Est. reading time\" \/>\n\t<meta name=\"twitter:data1\" content=\"1 minute\" \/>\n<script type=\"application\/ld+json\" class=\"yoast-schema-graph\">{\"@context\":\"https:\/\/schema.org\",\"@graph\":[{\"@type\":\"WebPage\",\"@id\":\"https:\/\/www.luiso.net\/en\/pet-preform-moulds\/\",\"url\":\"https:\/\/www.luiso.net\/en\/pet-preform-moulds\/\",\"name\":\"PET PREFORM MOULDS - Luiso\",\"isPartOf\":{\"@id\":\"https:\/\/www.luiso.net\/#website\"},\"datePublished\":\"2021-08-06T10:41:48+00:00\",\"dateModified\":\"2021-10-13T04:00:56+00:00\",\"description\":\"Global suppliers of PET preform moulds and high-speed PET preform production lines.\",\"breadcrumb\":{\"@id\":\"https:\/\/www.luiso.net\/en\/pet-preform-moulds\/#breadcrumb\"},\"inLanguage\":\"en-US\",\"potentialAction\":[{\"@type\":\"ReadAction\",\"target\":[\"https:\/\/www.luiso.net\/en\/pet-preform-moulds\/\"]}]},{\"@type\":\"BreadcrumbList\",\"@id\":\"https:\/\/www.luiso.net\/en\/pet-preform-moulds\/#breadcrumb\",\"itemListElement\":[{\"@type\":\"ListItem\",\"position\":1,\"name\":\"Portada\",\"item\":\"https:\/\/www.luiso.net\/\"},{\"@type\":\"ListItem\",\"position\":2,\"name\":\"PET PREFORM MOULDS\"}]},{\"@type\":\"WebSite\",\"@id\":\"https:\/\/www.luiso.net\/#website\",\"url\":\"https:\/\/www.luiso.net\/\",\"name\":\"Luiso\",\"description\":\"Transformaci\u00f3n Pl\u00e1stico - Ingenier\u00eda\",\"potentialAction\":[{\"@type\":\"SearchAction\",\"target\":{\"@type\":\"EntryPoint\",\"urlTemplate\":\"https:\/\/www.luiso.net\/?s={search_term_string}\"},\"query-input\":{\"@type\":\"PropertyValueSpecification\",\"valueRequired\":true,\"valueName\":\"search_term_string\"}}],\"inLanguage\":\"en-US\"}]}<\/script>\n<!-- \/ Yoast SEO plugin. -->","yoast_head_json":{"title":"PET PREFORM MOULDS - Luiso","description":"Global suppliers of PET preform moulds and high-speed PET preform production lines.","robots":{"index":"index","follow":"follow","max-snippet":"max-snippet:-1","max-image-preview":"max-image-preview:large","max-video-preview":"max-video-preview:-1"},"canonical":"https:\/\/www.luiso.net\/en\/pet-preform-moulds\/","og_locale":"en_US","og_type":"article","og_title":"PET PREFORM MOULDS - Luiso","og_description":"Global suppliers of PET preform moulds and high-speed PET preform production lines.","og_url":"https:\/\/www.luiso.net\/en\/pet-preform-moulds\/","og_site_name":"Luiso","article_modified_time":"2021-10-13T04:00:56+00:00","twitter_card":"summary_large_image","twitter_misc":{"Est. reading time":"1 minute"},"schema":{"@context":"https:\/\/schema.org","@graph":[{"@type":"WebPage","@id":"https:\/\/www.luiso.net\/en\/pet-preform-moulds\/","url":"https:\/\/www.luiso.net\/en\/pet-preform-moulds\/","name":"PET PREFORM MOULDS - Luiso","isPartOf":{"@id":"https:\/\/www.luiso.net\/#website"},"datePublished":"2021-08-06T10:41:48+00:00","dateModified":"2021-10-13T04:00:56+00:00","description":"Global suppliers of PET preform moulds and high-speed PET preform production lines.","breadcrumb":{"@id":"https:\/\/www.luiso.net\/en\/pet-preform-moulds\/#breadcrumb"},"inLanguage":"en-US","potentialAction":[{"@type":"ReadAction","target":["https:\/\/www.luiso.net\/en\/pet-preform-moulds\/"]}]},{"@type":"BreadcrumbList","@id":"https:\/\/www.luiso.net\/en\/pet-preform-moulds\/#breadcrumb","itemListElement":[{"@type":"ListItem","position":1,"name":"Portada","item":"https:\/\/www.luiso.net\/"},{"@type":"ListItem","position":2,"name":"PET PREFORM MOULDS"}]},{"@type":"WebSite","@id":"https:\/\/www.luiso.net\/#website","url":"https:\/\/www.luiso.net\/","name":"Luiso","description":"Transformaci\u00f3n Pl\u00e1stico - Ingenier\u00eda","potentialAction":[{"@type":"SearchAction","target":{"@type":"EntryPoint","urlTemplate":"https:\/\/www.luiso.net\/?s={search_term_string}"},"query-input":{"@type":"PropertyValueSpecification","valueRequired":true,"valueName":"search_term_string"}}],"inLanguage":"en-US"}]}},"_links":{"self":[{"href":"https:\/\/www.luiso.net\/en\/wp-json\/wp\/v2\/pages\/2615","targetHints":{"allow":["GET"]}}],"collection":[{"href":"https:\/\/www.luiso.net\/en\/wp-json\/wp\/v2\/pages"}],"about":[{"href":"https:\/\/www.luiso.net\/en\/wp-json\/wp\/v2\/types\/page"}],"author":[{"embeddable":true,"href":"https:\/\/www.luiso.net\/en\/wp-json\/wp\/v2\/users\/3"}],"replies":[{"embeddable":true,"href":"https:\/\/www.luiso.net\/en\/wp-json\/wp\/v2\/comments?post=2615"}],"version-history":[{"count":17,"href":"https:\/\/www.luiso.net\/en\/wp-json\/wp\/v2\/pages\/2615\/revisions"}],"predecessor-version":[{"id":2931,"href":"https:\/\/www.luiso.net\/en\/wp-json\/wp\/v2\/pages\/2615\/revisions\/2931"}],"wp:attachment":[{"href":"https:\/\/www.luiso.net\/en\/wp-json\/wp\/v2\/media?parent=2615"}],"curies":[{"name":"wp","href":"https:\/\/api.w.org\/{rel}","templated":true}]}}