{"id":2346,"date":"2021-03-15T10:10:37","date_gmt":"2021-03-15T10:10:37","guid":{"rendered":"https:\/\/www.luiso.net\/politica-de-privacidad\/"},"modified":"2021-08-10T11:19:45","modified_gmt":"2021-08-10T09:19:45","slug":"privacy-policy","status":"publish","type":"page","link":"https:\/\/www.luiso.net\/en\/privacy-policy\/","title":{"rendered":"Privacy policy"},"content":{"rendered":"\t\t<div data-elementor-type=\"wp-page\" data-elementor-id=\"2346\" class=\"elementor elementor-2346 elementor-3\" data-elementor-post-type=\"page\">\n\t\t\t\t\t\t<section class=\"elementor-section elementor-top-section elementor-element elementor-element-173de53b elementor-section-boxed elementor-section-height-default elementor-section-height-default parallax_section_no qode_elementor_container_no\" data-id=\"173de53b\" data-element_type=\"section\">\n\t\t\t\t\t\t<div class=\"elementor-container elementor-column-gap-default\">\n\t\t\t\t\t<div class=\"elementor-column elementor-col-100 elementor-top-column elementor-element elementor-element-551b5d0d\" data-id=\"551b5d0d\" data-element_type=\"column\">\n\t\t\t<div class=\"elementor-widget-wrap elementor-element-populated\">\n\t\t\t\t\t\t<div class=\"elementor-element elementor-element-42aa0bf9 elementor-widget elementor-widget-text-editor\" data-id=\"42aa0bf9\" data-element_type=\"widget\" data-widget_type=\"text-editor.default\">\n\t\t\t\t<div class=\"elementor-widget-container\">\n\t\t\t\t\t\t\t\t\t\n<h1>Pol\u00edtica de privacidad<\/h1>\n<p>\u00a0<\/p>\n<p><strong>Responsable:<\/strong><br \/>LUISO, S.L.<br \/><strong>Finalidad:<\/strong><br \/>Prestar los servicios solicitados y enviar comunicaciones comerciales<br \/><strong>Legitimaci\u00f3n:<\/strong><br \/>Consentimiento del interesado.<br \/><strong>Destinatarios:<\/strong><br \/>No se ceder\u00e1n datos a terceros, salvo obligaci\u00f3n legal.<br \/><strong>Derechos:<\/strong><br \/>Tiene derecho a acceder, rectificar y suprimir los datos, as\u00ed como otros derechos, indicados en la informaci\u00f3n adicional, que puede ejercer dirigi\u00e9ndose a la direcci\u00f3n del responsable del tratamiento<br \/><strong>Procedencia:<\/strong><br \/>El propio interesado.<br \/><strong>Informaci\u00f3n adicional:<\/strong><br \/>Puede consultar informaci\u00f3n adicional y detallada sobre Protecci\u00f3n de Datos en nuestra p\u00e1gina web: www.luiso.net<\/p>\n<p>\u00a0<\/p>\n<p><strong>1. \u00bfQuien es el responsable del tratamiento de sus datos?<\/strong><\/p>\n<p>\u00a0<\/p>\n<p>Identidad: LUISO, S.L.<br \/>NIF: B60188893<br \/>Domicilio postal: C\/ ATENES, 17 \u2013 POL. IND. COVA SOLERA \u2013 08191 \u2013 RUBI \u2013 BARCELONA \u2013 (ESPA\u00d1A)<br \/>Tel\u00e9fono: 935883362<br \/>E-Mail: luiso@luiso.net<\/p>\n<p>\u00a0<\/p>\n<p><strong>2. \u00bfCon qu\u00e9 finalidad tratamos sus datos?<\/strong><\/p>\n<p>\u00a0<\/p>\n<p>En LUISO, S.L. tratamos la informaci\u00f3n que nos facilitan las personas interesadas con el fin de realizar la gesti\u00f3n administrativa, contable y fiscal de los servicios solicitados, as\u00ed como enviar comunicaciones comerciales sobre nuestros productos y servicios.<\/p>\n<p>\u00a0<\/p>\n<p><strong>3. \u00bfPor cu\u00e1nto tiempo conservaremos sus datos?<\/strong><\/p>\n<p>\u00a0<\/p>\n<p>Los datos se conservar\u00e1n mientras se mantenga la relaci\u00f3n comercial, y en su caso, durante los a\u00f1os necesarios para cumplir con las obligaciones legales.<\/p>\n<p>\u00a0<\/p>\n<p><strong>4. \u00bfCu\u00e1l es la legitimaci\u00f3n para el tratamiento de sus datos?<\/strong><\/p>\n<p>\u00a0<\/p>\n<p>Le indicamos la base legal para el tratamiento de sus datos:<br \/>\u2022 Consentimiento del interesado.<\/p>\n<p>\u00a0<\/p>\n<p><strong>5. \u00bfA qu\u00e9 destinatarios se comunicar\u00e1n sus datos?<\/strong><\/p>\n<p>\u00a0<\/p>\n<p>No se ceder\u00e1n datos a terceros, salvo obligaci\u00f3n legal.<\/p>\n<p>\u00a0<\/p>\n<p><strong>6. Transferencias de datos a terceros pa\u00edses<\/strong><\/p>\n<p>\u00a0<\/p>\n<p>No est\u00e1n previstas transferencias de datos a terceros pa\u00edses.<\/p>\n<p>\u00a0<\/p>\n<p><strong>7. \u00bfCu\u00e1les son sus derechos cuando nos facilita sus datos?<\/strong><\/p>\n<p>\u00a0<\/p>\n<p>Cualquier persona tiene derecho a obtener confirmaci\u00f3n sobre si en LUISO, S.L. estamos tratando datos personales que les conciernan, o no.<\/p>\n<p><br \/>Las personas interesadas tienen derecho a acceder a sus datos personales, as\u00ed como a solicitar la rectificaci\u00f3n de los datos inexactos o, en su caso, solicitar su supresi\u00f3n cuando, entre otros motivos, los datos ya no sean necesarios para los fines que fueron recogidos.<\/p>\n<p><br \/>En determinadas circunstancias, los interesados podr\u00e1n solicitar la limitaci\u00f3n del tratamiento de sus datos, en cuyo caso \u00fanicamente los conservaremos para el ejercicio o la defensa de reclamaciones.<\/p>\n<p><br \/>En determinadas circunstancias y por motivos relacionados con su situaci\u00f3n particular, los interesados podr\u00e1n oponerse al tratamiento de sus datos. En este caso, LUISO, S.L. dejar\u00e1 de tratar los datos, salvo por motivos leg\u00edtimos imperiosos, o el ejercicio o la defensa de posibles reclamaciones.<\/p>\n<p><br \/>Podr\u00e1 ejercitar materialmente sus derechos de la siguiente forma: dirigi\u00e9ndose a la direcci\u00f3n del responsable del tratamiento<br \/>Si ha otorgado su consentimiento para alguna finalidad concreta, tiene derecho a retirar el consentimiento otorgado en cualquier momento, sin que ello afecte a la licitud del tratamiento basado en el consentimiento previo a su retirada.<\/p>\n<p><br \/>En caso de que sienta vulnerados sus derechos en lo concerniente a la protecci\u00f3n de sus datos personales, especialmente cuando no haya obtenido satisfacci\u00f3n en el ejercicio de sus derechos, puede presentar una reclamaci\u00f3n ante la Autoridad de Control en materia de Protecci\u00f3n de Datos competente a trav\u00e9s de su sitio web: www.agpd.es.<\/p>\n<p>\u00a0<\/p>\n<p><strong>8. \u00bfC\u00f3mo hemos obtenido sus datos?<\/strong><\/p>\n<p>\u00a0<\/p>\n<p>Los datos personales que tratamos en LUISO, S.L. proceden del propio interesado.<\/p>\n<p><br \/>Las categor\u00edas de datos que se tratan son:<\/p>\n<ul>\n<li>Datos identificativos<\/li>\n<li>Direcciones postales y electr\u00f3nicas<\/li>\n<li>Informaci\u00f3n comercial<\/li>\n<\/ul>\n<p>\u00a0<\/p>\n<p>No se tratan categor\u00edas especiales de datos personales (son aquellos datos que revelen el origen \u00e9tnico o racial, las opiniones pol\u00edticas, las convicciones religiosas o filos\u00f3ficas, o la afiliaci\u00f3n sindical, datos gen\u00e9ticos, datos biom\u00e9tricos dirigidos a identificar de manera un\u00edvoca a una persona f\u00edsica, datos relativos a la salud o datos relativos a la vida sexual o la orientaci\u00f3n sexual de una persona f\u00edsica).<\/p>\n\t\t\t\t\t\t\t\t<\/div>\n\t\t\t\t<\/div>\n\t\t\t\t\t<\/div>\n\t\t<\/div>\n\t\t\t\t\t<\/div>\n\t\t<\/section>\n\t\t\t\t<\/div>\n\t\t","protected":false},"excerpt":{"rendered":"<p>Pol\u00edtica de privacidad Responsable: LUISO, S.L. Finalidad: Prestar los servicios&#8230;<\/p>\n","protected":false},"author":3,"featured_media":0,"parent":0,"menu_order":0,"comment_status":"closed","ping_status":"open","template":"","meta":{"ngg_post_thumbnail":0,"footnotes":""},"class_list":["post-2346","page","type-page","status-publish","hentry"],"yoast_head":"<!-- This site is optimized with the Yoast SEO plugin v25.3.1 - https:\/\/yoast.com\/wordpress\/plugins\/seo\/ -->\n<title>Privacy policy - Luiso<\/title>\n<meta name=\"robots\" content=\"index, follow, max-snippet:-1, max-image-preview:large, max-video-preview:-1\" \/>\n<link rel=\"canonical\" href=\"https:\/\/www.luiso.net\/en\/privacy-policy\/\" \/>\n<meta property=\"og:locale\" content=\"en_US\" \/>\n<meta property=\"og:type\" content=\"article\" \/>\n<meta property=\"og:title\" content=\"Privacy policy - Luiso\" \/>\n<meta property=\"og:description\" content=\"Pol\u00edtica de privacidad Responsable: LUISO, S.L. Finalidad: Prestar los servicios...\" \/>\n<meta property=\"og:url\" content=\"https:\/\/www.luiso.net\/en\/privacy-policy\/\" \/>\n<meta property=\"og:site_name\" content=\"Luiso\" \/>\n<meta property=\"article:modified_time\" content=\"2021-08-10T09:19:45+00:00\" \/>\n<meta name=\"twitter:card\" content=\"summary_large_image\" \/>\n<meta name=\"twitter:label1\" content=\"Est. reading time\" \/>\n\t<meta name=\"twitter:data1\" content=\"3 minutes\" \/>\n<script type=\"application\/ld+json\" class=\"yoast-schema-graph\">{\"@context\":\"https:\/\/schema.org\",\"@graph\":[{\"@type\":\"WebPage\",\"@id\":\"https:\/\/www.luiso.net\/en\/privacy-policy\/\",\"url\":\"https:\/\/www.luiso.net\/en\/privacy-policy\/\",\"name\":\"Privacy policy - Luiso\",\"isPartOf\":{\"@id\":\"https:\/\/www.luiso.net\/#website\"},\"datePublished\":\"2021-03-15T10:10:37+00:00\",\"dateModified\":\"2021-08-10T09:19:45+00:00\",\"breadcrumb\":{\"@id\":\"https:\/\/www.luiso.net\/en\/privacy-policy\/#breadcrumb\"},\"inLanguage\":\"en-US\",\"potentialAction\":[{\"@type\":\"ReadAction\",\"target\":[\"https:\/\/www.luiso.net\/en\/privacy-policy\/\"]}]},{\"@type\":\"BreadcrumbList\",\"@id\":\"https:\/\/www.luiso.net\/en\/privacy-policy\/#breadcrumb\",\"itemListElement\":[{\"@type\":\"ListItem\",\"position\":1,\"name\":\"Portada\",\"item\":\"https:\/\/www.luiso.net\/\"},{\"@type\":\"ListItem\",\"position\":2,\"name\":\"Privacy policy\"}]},{\"@type\":\"WebSite\",\"@id\":\"https:\/\/www.luiso.net\/#website\",\"url\":\"https:\/\/www.luiso.net\/\",\"name\":\"Luiso\",\"description\":\"Transformaci\u00f3n Pl\u00e1stico - Ingenier\u00eda\",\"potentialAction\":[{\"@type\":\"SearchAction\",\"target\":{\"@type\":\"EntryPoint\",\"urlTemplate\":\"https:\/\/www.luiso.net\/?s={search_term_string}\"},\"query-input\":{\"@type\":\"PropertyValueSpecification\",\"valueRequired\":true,\"valueName\":\"search_term_string\"}}],\"inLanguage\":\"en-US\"}]}<\/script>\n<!-- \/ Yoast SEO plugin. -->","yoast_head_json":{"title":"Privacy policy - Luiso","robots":{"index":"index","follow":"follow","max-snippet":"max-snippet:-1","max-image-preview":"max-image-preview:large","max-video-preview":"max-video-preview:-1"},"canonical":"https:\/\/www.luiso.net\/en\/privacy-policy\/","og_locale":"en_US","og_type":"article","og_title":"Privacy policy - Luiso","og_description":"Pol\u00edtica de privacidad Responsable: LUISO, S.L. Finalidad: Prestar los servicios...","og_url":"https:\/\/www.luiso.net\/en\/privacy-policy\/","og_site_name":"Luiso","article_modified_time":"2021-08-10T09:19:45+00:00","twitter_card":"summary_large_image","twitter_misc":{"Est. reading time":"3 minutes"},"schema":{"@context":"https:\/\/schema.org","@graph":[{"@type":"WebPage","@id":"https:\/\/www.luiso.net\/en\/privacy-policy\/","url":"https:\/\/www.luiso.net\/en\/privacy-policy\/","name":"Privacy policy - Luiso","isPartOf":{"@id":"https:\/\/www.luiso.net\/#website"},"datePublished":"2021-03-15T10:10:37+00:00","dateModified":"2021-08-10T09:19:45+00:00","breadcrumb":{"@id":"https:\/\/www.luiso.net\/en\/privacy-policy\/#breadcrumb"},"inLanguage":"en-US","potentialAction":[{"@type":"ReadAction","target":["https:\/\/www.luiso.net\/en\/privacy-policy\/"]}]},{"@type":"BreadcrumbList","@id":"https:\/\/www.luiso.net\/en\/privacy-policy\/#breadcrumb","itemListElement":[{"@type":"ListItem","position":1,"name":"Portada","item":"https:\/\/www.luiso.net\/"},{"@type":"ListItem","position":2,"name":"Privacy policy"}]},{"@type":"WebSite","@id":"https:\/\/www.luiso.net\/#website","url":"https:\/\/www.luiso.net\/","name":"Luiso","description":"Transformaci\u00f3n Pl\u00e1stico - Ingenier\u00eda","potentialAction":[{"@type":"SearchAction","target":{"@type":"EntryPoint","urlTemplate":"https:\/\/www.luiso.net\/?s={search_term_string}"},"query-input":{"@type":"PropertyValueSpecification","valueRequired":true,"valueName":"search_term_string"}}],"inLanguage":"en-US"}]}},"_links":{"self":[{"href":"https:\/\/www.luiso.net\/en\/wp-json\/wp\/v2\/pages\/2346","targetHints":{"allow":["GET"]}}],"collection":[{"href":"https:\/\/www.luiso.net\/en\/wp-json\/wp\/v2\/pages"}],"about":[{"href":"https:\/\/www.luiso.net\/en\/wp-json\/wp\/v2\/types\/page"}],"author":[{"embeddable":true,"href":"https:\/\/www.luiso.net\/en\/wp-json\/wp\/v2\/users\/3"}],"replies":[{"embeddable":true,"href":"https:\/\/www.luiso.net\/en\/wp-json\/wp\/v2\/comments?post=2346"}],"version-history":[{"count":1,"href":"https:\/\/www.luiso.net\/en\/wp-json\/wp\/v2\/pages\/2346\/revisions"}],"predecessor-version":[{"id":2347,"href":"https:\/\/www.luiso.net\/en\/wp-json\/wp\/v2\/pages\/2346\/revisions\/2347"}],"wp:attachment":[{"href":"https:\/\/www.luiso.net\/en\/wp-json\/wp\/v2\/media?parent=2346"}],"curies":[{"name":"wp","href":"https:\/\/api.w.org\/{rel}","templated":true}]}}